{"id":32,"date":"2022-11-09T09:16:32","date_gmt":"2022-11-09T08:16:32","guid":{"rendered":"https:\/\/kottehusen.se\/?page_id=32"},"modified":"2025-06-09T09:33:15","modified_gmt":"2025-06-09T07:33:15","slug":"att-gora","status":"publish","type":"page","link":"https:\/\/kottehusen.se\/de\/att-gora\/","title":{"rendered":"Machen"},"content":{"rendered":"<div data-elementor-type=\"wp-page\" data-elementor-id=\"32\" class=\"elementor elementor-32\" data-elementor-post-type=\"page\">\n\t\t\t\t\t\t<section class=\"elementor-section elementor-top-section elementor-element elementor-element-2b58174 elementor-section-full_width elementor-section-height-min-height elementor-section-height-default elementor-section-items-middle\" data-id=\"2b58174\" data-element_type=\"section\" data-settings=\"{&quot;background_background&quot;:&quot;classic&quot;}\">\n\t\t\t\t\t\t\t<div class=\"elementor-background-overlay\"><\/div>\n\t\t\t\t\t\t\t<div class=\"elementor-container elementor-column-gap-default\">\n\t\t\t\t\t<div class=\"elementor-column elementor-col-100 elementor-top-column elementor-element elementor-element-8d48908\" data-id=\"8d48908\" data-element_type=\"column\">\n\t\t\t<div class=\"elementor-widget-wrap elementor-element-populated\">\n\t\t\t\t\t\t<div class=\"elementor-element elementor-element-7795c58 elementor-widget elementor-widget-spacer\" data-id=\"7795c58\" data-element_type=\"widget\" data-widget_type=\"spacer.default\">\n\t\t\t\t<div class=\"elementor-widget-container\">\n\t\t\t\t\t\t\t<div class=\"elementor-spacer\">\n\t\t\t<div class=\"elementor-spacer-inner\"><\/div>\n\t\t<\/div>\n\t\t\t\t\t\t<\/div>\n\t\t\t\t<\/div>\n\t\t\t\t<div class=\"elementor-element elementor-element-a70bea0 elementor-widget elementor-widget-heading\" data-id=\"a70bea0\" data-element_type=\"widget\" data-widget_type=\"heading.default\">\n\t\t\t\t<div class=\"elementor-widget-container\">\n\t\t\t\t\t<h1 class=\"elementor-heading-title elementor-size-default\">Entdecken Sie unser sch\u00f6nes Halmstad<\/h1>\t\t\t\t<\/div>\n\t\t\t\t<\/div>\n\t\t\t\t<section class=\"elementor-section elementor-inner-section elementor-element elementor-element-ae783eb elementor-section-boxed elementor-section-height-default elementor-section-height-default\" data-id=\"ae783eb\" data-element_type=\"section\">\n\t\t\t\t\t\t<div class=\"elementor-container elementor-column-gap-default\">\n\t\t\t\t\t<div class=\"elementor-column elementor-col-100 elementor-inner-column elementor-element elementor-element-4529a57\" data-id=\"4529a57\" data-element_type=\"column\">\n\t\t\t<div class=\"elementor-widget-wrap elementor-element-populated\">\n\t\t\t\t\t\t<div class=\"elementor-element elementor-element-560936f elementor-widget elementor-widget-heading\" data-id=\"560936f\" data-element_type=\"widget\" data-widget_type=\"heading.default\">\n\t\t\t\t<div class=\"elementor-widget-container\">\n\t\t\t\t\t<h3 class=\"elementor-heading-title elementor-size-default\">Halmstad City <\/h3>\t\t\t\t<\/div>\n\t\t\t\t<\/div>\n\t\t\t\t<div class=\"elementor-element elementor-element-96737a6 elementor-icon-list--layout-inline elementor-align-center elementor-list-item-link-full_width elementor-widget elementor-widget-icon-list\" data-id=\"96737a6\" data-element_type=\"widget\" data-widget_type=\"icon-list.default\">\n\t\t\t\t<div class=\"elementor-widget-container\">\n\t\t\t\t\t\t\t<ul class=\"elementor-icon-list-items elementor-inline-items\">\n\t\t\t\t\t\t\t<li class=\"elementor-icon-list-item elementor-inline-item\">\n\t\t\t\t\t\t\t\t\t\t\t<span class=\"elementor-icon-list-icon\">\n\t\t\t\t\t\t\t<i aria-hidden=\"true\" class=\"fas fa-walking\"><\/i>\t\t\t\t\t\t<\/span>\n\t\t\t\t\t\t\t\t\t\t<span class=\"elementor-icon-list-text\">20 min<\/span>\n\t\t\t\t\t\t\t\t\t<\/li>\n\t\t\t\t\t\t\t\t<li class=\"elementor-icon-list-item elementor-inline-item\">\n\t\t\t\t\t\t\t\t\t\t\t<span class=\"elementor-icon-list-icon\">\n\t\t\t\t\t\t\t<i aria-hidden=\"true\" class=\"fas fa-bicycle\"><\/i>\t\t\t\t\t\t<\/span>\n\t\t\t\t\t\t\t\t\t\t<span class=\"elementor-icon-list-text\">7 min<\/span>\n\t\t\t\t\t\t\t\t\t<\/li>\n\t\t\t\t\t\t\t\t<li class=\"elementor-icon-list-item elementor-inline-item\">\n\t\t\t\t\t\t\t\t\t\t\t<span class=\"elementor-icon-list-icon\">\n\t\t\t\t\t\t\t<i aria-hidden=\"true\" class=\"fas fa-bus\"><\/i>\t\t\t\t\t\t<\/span>\n\t\t\t\t\t\t\t\t\t\t<span class=\"elementor-icon-list-text\">12 min<\/span>\n\t\t\t\t\t\t\t\t\t<\/li>\n\t\t\t\t\t\t<\/ul>\n\t\t\t\t\t\t<\/div>\n\t\t\t\t<\/div>\n\t\t\t\t\t<\/div>\n\t\t<\/div>\n\t\t\t\t\t<\/div>\n\t\t<\/section>\n\t\t\t\t\t<\/div>\n\t\t<\/div>\n\t\t\t\t\t<\/div>\n\t\t<\/section>\n\t\t\t\t<section class=\"elementor-section elementor-top-section elementor-element elementor-element-5698e51 elementor-section-boxed elementor-section-height-default elementor-section-height-default\" data-id=\"5698e51\" data-element_type=\"section\">\n\t\t\t\t\t\t<div class=\"elementor-container elementor-column-gap-default\">\n\t\t\t\t\t<div class=\"elementor-column elementor-col-100 elementor-top-column elementor-element elementor-element-48d8ac1c\" data-id=\"48d8ac1c\" data-element_type=\"column\">\n\t\t\t<div class=\"elementor-widget-wrap elementor-element-populated\">\n\t\t\t\t\t\t<div class=\"elementor-element elementor-element-79e862b elementor-skin-slideshow elementor-arrows-yes elementor-widget elementor-widget-media-carousel\" data-id=\"79e862b\" data-element_type=\"widget\" data-settings=\"{&quot;skin&quot;:&quot;slideshow&quot;,&quot;slideshow_slides_per_view&quot;:&quot;3&quot;,&quot;autoplay_speed&quot;:7500,&quot;space_between&quot;:{&quot;unit&quot;:&quot;px&quot;,&quot;size&quot;:20,&quot;sizes&quot;:[]},&quot;effect&quot;:&quot;slide&quot;,&quot;show_arrows&quot;:&quot;yes&quot;,&quot;speed&quot;:500,&quot;autoplay&quot;:&quot;yes&quot;,&quot;loop&quot;:&quot;yes&quot;,&quot;pause_on_hover&quot;:&quot;yes&quot;,&quot;pause_on_interaction&quot;:&quot;yes&quot;,&quot;space_between_tablet&quot;:{&quot;unit&quot;:&quot;px&quot;,&quot;size&quot;:10,&quot;sizes&quot;:[]},&quot;space_between_mobile&quot;:{&quot;unit&quot;:&quot;px&quot;,&quot;size&quot;:10,&quot;sizes&quot;:[]}}\" data-widget_type=\"media-carousel.default\">\n\t\t\t\t<div class=\"elementor-widget-container\">\n\t\t\t\t\t\t\t\t\t<div class=\"elementor-swiper\">\n\t\t\t\t\t<div class=\"elementor-main-swiper swiper\" role=\"region\" aria-roledescription=\"carousel\" aria-label=\"Bildspel\">\n\t\t\t\t<div class=\"swiper-wrapper\">\n\t\t\t\t\t\t\t\t\t\t\t<div class=\"swiper-slide\" role=\"group\" aria-roledescription=\"slide\">\n\t\t\t\t\t\t\t\t\t<div class=\"elementor-carousel-image\" role=\"img\" aria-label=\"IMG_1304-scaled\" style=\"background-image: url(&#039;https:\/\/kottehusen.se\/wp-content\/uploads\/2023\/01\/IMG_1304-scaled-1.jpg&#039;)\">\n\n\t\t\t\n\t\t\t\t\t<\/div>\n\t\t\t\t\t\t\t\t<\/div>\n\t\t\t\t\t\t\t\t\t\t\t<div class=\"swiper-slide\" role=\"group\" aria-roledescription=\"slide\">\n\t\t\t\t\t\t\t\t\t<div class=\"elementor-carousel-image\" role=\"img\" aria-label=\"lillebror1920x1080\" style=\"background-image: url(&#039;https:\/\/kottehusen.se\/wp-content\/uploads\/2023\/01\/lillebror1920x1080.png&#039;)\">\n\n\t\t\t\n\t\t\t\t\t<\/div>\n\t\t\t\t\t\t\t\t<\/div>\n\t\t\t\t\t\t\t\t\t\t\t<div class=\"swiper-slide\" role=\"group\" aria-roledescription=\"slide\">\n\t\t\t\t\t\t\t\t\t<div class=\"elementor-carousel-image\" role=\"img\" aria-label=\"Ska\u0308rmavbild-2022-05-11-kl.-20.44.00\" style=\"background-image: url(&#039;https:\/\/kottehusen.se\/wp-content\/uploads\/2023\/01\/Skarmavbild-2022-05-11-kl.-20.44.00.png&#039;)\">\n\n\t\t\t\n\t\t\t\t\t<\/div>\n\t\t\t\t\t\t\t\t<\/div>\n\t\t\t\t\t\t\t\t\t\t\t<div class=\"swiper-slide\" role=\"group\" aria-roledescription=\"slide\">\n\t\t\t\t\t\t\t\t\t<div class=\"elementor-carousel-image\" role=\"img\" aria-label=\"sup-1920x1080-1\" style=\"background-image: url(&#039;https:\/\/kottehusen.se\/wp-content\/uploads\/2023\/01\/sup-1920x1080-1.png&#039;)\">\n\n\t\t\t\n\t\t\t\t\t<\/div>\n\t\t\t\t\t\t\t\t<\/div>\n\t\t\t\t\t\t\t\t\t<\/div>\n\t\t\t\t\t\t\t\t\t\t\t\t\t\t\t<div class=\"elementor-swiper-button elementor-swiper-button-prev\" role=\"button\" tabindex=\"0\" aria-label=\"Voriger\">\n\t\t\t\t\t\t\t<i aria-hidden=\"true\" class=\"eicon-chevron-left\"><\/i>\t\t\t\t\t\t<\/div>\n\t\t\t\t\t\t<div class=\"elementor-swiper-button elementor-swiper-button-next\" role=\"button\" tabindex=\"0\" aria-label=\"N\u00e4chster\">\n\t\t\t\t\t\t\t<i aria-hidden=\"true\" class=\"eicon-chevron-right\"><\/i>\t\t\t\t\t\t<\/div>\n\t\t\t\t\t\t\t\t\t\t\t\t\t\t\t\t\t<\/div>\n\t\t\t\t<\/div>\n\t\t\t\t\t\t\t\t<div class=\"elementor-swiper\">\n\t\t\t\t\t<div class=\"elementor-main-swiper swiper elementor-thumbnails-swiper swiper\" role=\"region region\" aria-roledescription=\"carousel carousel\" aria-label=\"Bildspel Bildspel\">\n\t\t\t\t<div class=\"swiper-wrapper\">\n\t\t\t\t\t\t\t\t\t\t\t<div class=\"swiper-slide\" role=\"group\" aria-roledescription=\"slide\">\n\t\t\t\t\t\t\t\t\t<div class=\"elementor-carousel-image\" role=\"img\" aria-label=\"IMG_1304-scaled\" style=\"background-image: url(&#039;https:\/\/kottehusen.se\/wp-content\/uploads\/2023\/01\/IMG_1304-scaled-1.jpg&#039;)\">\n\n\t\t\t\n\t\t\t\t\t<\/div>\n\t\t\t\t\t\t\t\t<\/div>\n\t\t\t\t\t\t\t\t\t\t\t<div class=\"swiper-slide\" role=\"group\" aria-roledescription=\"slide\">\n\t\t\t\t\t\t\t\t\t<div class=\"elementor-carousel-image\" role=\"img\" aria-label=\"lillebror1920x1080\" style=\"background-image: url(&#039;https:\/\/kottehusen.se\/wp-content\/uploads\/2023\/01\/lillebror1920x1080.png&#039;)\">\n\n\t\t\t\n\t\t\t\t\t<\/div>\n\t\t\t\t\t\t\t\t<\/div>\n\t\t\t\t\t\t\t\t\t\t\t<div class=\"swiper-slide\" role=\"group\" aria-roledescription=\"slide\">\n\t\t\t\t\t\t\t\t\t<div class=\"elementor-carousel-image\" role=\"img\" aria-label=\"Ska\u0308rmavbild-2022-05-11-kl.-20.44.00\" style=\"background-image: url(&#039;https:\/\/kottehusen.se\/wp-content\/uploads\/2023\/01\/Skarmavbild-2022-05-11-kl.-20.44.00.png&#039;)\">\n\n\t\t\t\n\t\t\t\t\t<\/div>\n\t\t\t\t\t\t\t\t<\/div>\n\t\t\t\t\t\t\t\t\t\t\t<div class=\"swiper-slide\" role=\"group\" aria-roledescription=\"slide\">\n\t\t\t\t\t\t\t\t\t<div class=\"elementor-carousel-image\" role=\"img\" aria-label=\"sup-1920x1080-1\" style=\"background-image: url(&#039;https:\/\/kottehusen.se\/wp-content\/uploads\/2023\/01\/sup-1920x1080-1.png&#039;)\">\n\n\t\t\t\n\t\t\t\t\t<\/div>\n\t\t\t\t\t\t\t\t<\/div>\n\t\t\t\t\t\t\t\t\t<\/div>\n\t\t\t\t\t\t\t\t\t\t\t\t\t\t\t\t\t\t\t\t\t<\/div>\n\t\t\t\t<\/div>\n\t\t\t\t\t\t\t\t<\/div>\n\t\t\t\t<\/div>\n\t\t\t\t\t<\/div>\n\t\t<\/div>\n\t\t\t\t\t<\/div>\n\t\t<\/section>\n\t\t\t\t<section class=\"elementor-section elementor-top-section elementor-element elementor-element-119a207 elementor-section-boxed elementor-section-height-default elementor-section-height-default\" data-id=\"119a207\" data-element_type=\"section\">\n\t\t\t\t\t\t<div class=\"elementor-container elementor-column-gap-default\">\n\t\t\t\t\t<div class=\"elementor-column elementor-col-100 elementor-top-column elementor-element elementor-element-7f12ad7\" data-id=\"7f12ad7\" data-element_type=\"column\">\n\t\t\t<div class=\"elementor-widget-wrap elementor-element-populated\">\n\t\t\t\t\t\t<div class=\"elementor-element elementor-element-04de1f5 elementor-widget elementor-widget-text-editor\" data-id=\"04de1f5\" data-element_type=\"widget\" data-widget_type=\"text-editor.default\">\n\t\t\t\t<div class=\"elementor-widget-container\">\n\t\t\t\t\t\t\t\t\t<p>Einen Steinwurf von<strong> Kottehusen<\/strong> entfernt befindet sich das beliebte Caf\u00e9\u00a0<strong>S\u00f6derpiren\u00a0<\/strong>das t\u00e4glich ge\u00f6ffnet ist und<br \/>leichte Mittagsgerichte, Kuchen, Eis, Kaffee und andere hei\u00dfe und kalte Getr\u00e4nke serviert. Dort k\u00f6nnen Sie<br \/>auch einen Partyraum, Badetonne &amp; SUP mieten.\nWeitere Informationen unter <a href=\"http:\/\/www.soderpiren.se\">www.soderpiren.se<\/a><\/p><p><strong>Neuheit!<\/strong> Spielen Sie Padel auf dem neuen Padelplatz von S\u00f6derpiren.<br \/>Buchen Sie auf Matchi.se <a href=\"http:\/\/www.matchi.se\">Matchi.se<\/a><\/p><p>W\u00e4hrend der Sommersaison serviert unser netter Nachtbar <b>Lillebror<\/b> jeden Tag gutes Essen und Trinken und vermittelt auch eine sch\u00f6ne Atmosph\u00e4re.<br \/>Sofern das Wetter es zul\u00e4sst.<br \/>\u00d6ffnungszeiten von 12:00 bis sp\u00e4t am Abend, wenn das Wetter mittspielt. T\u00e4glich aktualisierte Informationen zu den \u00d6ffnungszeiten finden Sie in den sozialen Medien Instagram oder Facebook <a href=\"https:\/\/instagram.com\/lillebrorhalmstad?igshid=YmMyMTA2M2Y=\">@lillebrorhalmstad<\/a>\u00a0<\/p><p>Als Kottehus-Gast erhalten Sie <strong>10 % Rabatt<\/strong> p\u00e5 hela caf\u00e9sortimentet &amp; all mat p\u00e5 Lillebror. Viktigt! Visa upp nyckeln innan betalning f\u00f6r att erh\u00e5lla rabatten.\u00a0<\/p><p><strong>\u00d6ffentlicher Verkehr<\/strong><br \/>Die n\u00e4chste Haltestelle ist Halmstad Sm\u00e5b\u00e5tsgatan S\u00f6der, Bus Nr. 12 mit Hallandstrafiken.\nEtwa 100 meter von Kottehusend entfernd <a href=\"http:\/\/www.hallandstrafiken.se\/\" target=\"_blank\" rel=\"noopener\">Hallandstrafiken<\/a><\/p>\t\t\t\t\t\t\t\t<\/div>\n\t\t\t\t<\/div>\n\t\t\t\t\t<\/div>\n\t\t<\/div>\n\t\t\t\t\t<\/div>\n\t\t<\/section>\n\t\t\t\t<section class=\"elementor-section elementor-top-section elementor-element elementor-element-24cd026 elementor-section-boxed elementor-section-height-default elementor-section-height-default\" data-id=\"24cd026\" data-element_type=\"section\">\n\t\t\t\t\t\t<div class=\"elementor-container elementor-column-gap-default\">\n\t\t\t\t\t<div class=\"elementor-column elementor-col-100 elementor-top-column elementor-element elementor-element-67faa28\" data-id=\"67faa28\" data-element_type=\"column\" data-settings=\"{&quot;background_background&quot;:&quot;classic&quot;}\">\n\t\t\t<div class=\"elementor-widget-wrap elementor-element-populated\">\n\t\t\t\t\t\t<section class=\"elementor-section elementor-inner-section elementor-element elementor-element-c3d914f elementor-section-boxed elementor-section-height-default elementor-section-height-default\" data-id=\"c3d914f\" data-element_type=\"section\">\n\t\t\t\t\t\t<div class=\"elementor-container elementor-column-gap-default\">\n\t\t\t\t\t<div class=\"elementor-column elementor-col-66 elementor-inner-column elementor-element elementor-element-e7cf804\" data-id=\"e7cf804\" data-element_type=\"column\">\n\t\t\t<div class=\"elementor-widget-wrap elementor-element-populated\">\n\t\t\t\t\t\t<div class=\"elementor-element elementor-element-d9e03f3 elementor-widget elementor-widget-heading\" data-id=\"d9e03f3\" data-element_type=\"widget\" data-widget_type=\"heading.default\">\n\t\t\t\t<div class=\"elementor-widget-container\">\n\t\t\t\t\t<h4 class=\"elementor-heading-title elementor-size-default\">Erleben Sie Halmstads wundersch\u00f6ne K\u00fcste!<\/h4>\t\t\t\t<\/div>\n\t\t\t\t<\/div>\n\t\t\t\t<div class=\"elementor-element elementor-element-72239e2 elementor-widget elementor-widget-text-editor\" data-id=\"72239e2\" data-element_type=\"widget\" data-widget_type=\"text-editor.default\">\n\t\t\t\t<div class=\"elementor-widget-container\">\n\t\t\t\t\t\t\t\t\t<p>Wandern oder radeln Sie auf Prins Bertils Weg nach Tyl\u00f6sand und weiter nach M\u00f6lleg\u00e5rd.<br \/>Unsere tipps f\u00fcr gem\u00fctliche stops unterwegs:<\/p><ul><li>Aleskogen, einer der vogelreichsten Orte Schwedens.<\/li><li>Jansa bryggan ist ein langer Pier ins Meer, der heute als Badesteg genutzt wird.<\/li><li>Der Yachthafen von Gr\u00f6tvik befindet sich in einem alten Steinbruch. Es gibt einen Gasthafen,<br \/>Stellplatz f\u00fcr Wohnmobile, ein Sommerrestaurant und sch\u00f6ne Spazierwege die Felsen hinauf,<br \/>wo Sie eine sch\u00f6ne Aussicht auf Hallands\u00e5sen mit B\u00e5stad, Torekov und Hallands V\u00e4der\u00f6 haben.<\/li><li>Der Halmstad Wakepark befindet sich am Kolbrottet in Gr\u00f6tvik. Dort kann man Wakeboarden,<br \/>probieren Sie Wakeskaten aus, fordern Sie Ihr Gleichgewicht auf einer Slackline heraus, oder mieten Sie ein SUP.<\/li><li>Tjuvah\u00e5lan hat seinen Namen bekommen von der Tatsache,<br \/>dass die Bucht als Landeplatz f\u00fcr Schmuggler am Ende des 18. Jahrhunderts verwendet wurde.<br \/>Heute ist es ein Badeplatz mit einem Badesteg, beliebt bei jungen Krabbenfischern.<\/li><li>Zigges beach club \u00e4r en h\u00e4rlig bar\/restaurang i Tyl\u00f6sand med utsikt mot havet. @ziggesbeachclub<\/li><\/ul>\t\t\t\t\t\t\t\t<\/div>\n\t\t\t\t<\/div>\n\t\t\t\t\t<\/div>\n\t\t<\/div>\n\t\t\t\t<div class=\"elementor-column elementor-col-33 elementor-inner-column elementor-element elementor-element-519c0e8 elementor-hidden-tablet elementor-hidden-mobile\" data-id=\"519c0e8\" data-element_type=\"column\">\n\t\t\t<div class=\"elementor-widget-wrap elementor-element-populated\">\n\t\t\t\t\t\t<div class=\"elementor-element elementor-element-61b77f3 elementor-widget elementor-widget-image\" data-id=\"61b77f3\" data-element_type=\"widget\" data-widget_type=\"image.default\">\n\t\t\t\t<div class=\"elementor-widget-container\">\n\t\t\t\t\t\t\t\t\t\t\t\t\t\t\t<img fetchpriority=\"high\" decoding=\"async\" width=\"300\" height=\"233\" src=\"https:\/\/kottehusen.se\/wp-content\/uploads\/2023\/01\/kottelogo.png\" class=\"attachment-large size-large wp-image-635\" alt=\"\" \/>\t\t\t\t\t\t\t\t\t\t\t\t\t\t\t<\/div>\n\t\t\t\t<\/div>\n\t\t\t\t\t<\/div>\n\t\t<\/div>\n\t\t\t\t\t<\/div>\n\t\t<\/section>\n\t\t\t\t\t<\/div>\n\t\t<\/div>\n\t\t\t\t\t<\/div>\n\t\t<\/section>\n\t\t\t\t<\/div>","protected":false},"excerpt":{"rendered":"<p>Uppt\u00e4ck v\u00e5rt vackra Halmstad Halmstad City 20 min 7 min 12 min Ett stenkast fr\u00e5n Kottehusen ligger det popul\u00e4ra caf\u00e9et\u00a0S\u00f6derpiren\u00a0som har \u00f6ppet alla dagar ochserverar l\u00e4ttare lunchr\u00e4tter, fika, glass, kaffe och andra varma &amp; kalla drycker. D\u00e4r kan man\u00e4ven hyra festlokal, badtunna &amp; SUP. Mer info p\u00e5 www.soderpiren.se Nyhet! Spela en match p\u00e5 S\u00f6derpirens nya &#8230; <a title=\"Machen\" class=\"read-more\" href=\"https:\/\/kottehusen.se\/de\/att-gora\/\" aria-label=\"Mehr Informationen \u00fcber Att g\u00f6ra\">L\u00e4s mer<\/a><\/p>","protected":false},"author":1,"featured_media":0,"parent":0,"menu_order":0,"comment_status":"closed","ping_status":"closed","template":"elementor_header_footer","meta":{"footnotes":""},"class_list":["post-32","page","type-page","status-publish"],"_links":{"self":[{"href":"https:\/\/kottehusen.se\/de\/wp-json\/wp\/v2\/pages\/32","targetHints":{"allow":["GET"]}}],"collection":[{"href":"https:\/\/kottehusen.se\/de\/wp-json\/wp\/v2\/pages"}],"about":[{"href":"https:\/\/kottehusen.se\/de\/wp-json\/wp\/v2\/types\/page"}],"author":[{"embeddable":true,"href":"https:\/\/kottehusen.se\/de\/wp-json\/wp\/v2\/users\/1"}],"replies":[{"embeddable":true,"href":"https:\/\/kottehusen.se\/de\/wp-json\/wp\/v2\/comments?post=32"}],"version-history":[{"count":92,"href":"https:\/\/kottehusen.se\/de\/wp-json\/wp\/v2\/pages\/32\/revisions"}],"predecessor-version":[{"id":1386,"href":"https:\/\/kottehusen.se\/de\/wp-json\/wp\/v2\/pages\/32\/revisions\/1386"}],"wp:attachment":[{"href":"https:\/\/kottehusen.se\/de\/wp-json\/wp\/v2\/media?parent=32"}],"curies":[{"name":"wp","href":"https:\/\/api.w.org\/{rel}","templated":true}]}}