{"id":38,"date":"2022-11-09T09:17:00","date_gmt":"2022-11-09T08:17:00","guid":{"rendered":"https:\/\/kottehusen.se\/?page_id=38"},"modified":"2024-07-15T12:44:52","modified_gmt":"2024-07-15T10:44:52","slug":"kontakt","status":"publish","type":"page","link":"https:\/\/kottehusen.se\/de\/kontakt\/","title":{"rendered":"Kontakt"},"content":{"rendered":"<div data-elementor-type=\"wp-page\" data-elementor-id=\"38\" class=\"elementor elementor-38\" data-elementor-post-type=\"page\">\n\t\t\t\t\t\t<section class=\"elementor-section elementor-top-section elementor-element elementor-element-eae2e7b elementor-section-boxed elementor-section-height-default elementor-section-height-default\" data-id=\"eae2e7b\" data-element_type=\"section\">\n\t\t\t\t\t\t<div class=\"elementor-container elementor-column-gap-wider\">\n\t\t\t\t\t<div class=\"elementor-column elementor-col-50 elementor-top-column elementor-element elementor-element-f33a7a9\" data-id=\"f33a7a9\" data-element_type=\"column\">\n\t\t\t<div class=\"elementor-widget-wrap elementor-element-populated\">\n\t\t\t\t\t\t<div class=\"elementor-element elementor-element-2ad35a6 elementor-widget elementor-widget-heading\" data-id=\"2ad35a6\" data-element_type=\"widget\" data-widget_type=\"heading.default\">\n\t\t\t\t<div class=\"elementor-widget-container\">\n\t\t\t\t\t<h4 class=\"elementor-heading-title elementor-size-default\">Willkommen uns zu kontakten<\/h4>\t\t\t\t<\/div>\n\t\t\t\t<\/div>\n\t\t\t\t<div class=\"elementor-element elementor-element-35ae33d elementor-widget elementor-widget-text-editor\" data-id=\"35ae33d\" data-element_type=\"widget\" data-widget_type=\"text-editor.default\">\n\t\t\t\t<div class=\"elementor-widget-container\">\n\t\t\t\t\t\t\t\t\t<p>Kottehusen p\u00e5 S\u00f6der<br \/>Sm\u00e5b\u00e5tsgatan 4<br \/>302 90 Halmstad<\/p><p><a href=\"mailto:kim@soderpiren.se\">kim@soderpiren.se<\/a><\/p>\t\t\t\t\t\t\t\t<\/div>\n\t\t\t\t<\/div>\n\t\t\t\t\t<\/div>\n\t\t<\/div>\n\t\t\t\t<div class=\"elementor-column elementor-col-50 elementor-top-column elementor-element elementor-element-a8e9d76\" data-id=\"a8e9d76\" data-element_type=\"column\">\n\t\t\t<div class=\"elementor-widget-wrap elementor-element-populated\">\n\t\t\t\t\t\t<div class=\"elementor-element elementor-element-005e55b elementor-widget elementor-widget-image\" data-id=\"005e55b\" data-element_type=\"widget\" data-widget_type=\"image.default\">\n\t\t\t\t<div class=\"elementor-widget-container\">\n\t\t\t\t\t\t\t\t\t\t\t\t\t\t\t<img fetchpriority=\"high\" decoding=\"async\" width=\"1024\" height=\"766\" src=\"https:\/\/kottehusen.se\/wp-content\/uploads\/2023\/01\/Screenshot-2023-01-26-at-19.46.08-1024x766.png\" class=\"attachment-large size-large wp-image-725\" alt=\"\" srcset=\"https:\/\/kottehusen.se\/wp-content\/uploads\/2023\/01\/Screenshot-2023-01-26-at-19.46.08-1024x766.png 1024w, https:\/\/kottehusen.se\/wp-content\/uploads\/2023\/01\/Screenshot-2023-01-26-at-19.46.08-300x225.png 300w, https:\/\/kottehusen.se\/wp-content\/uploads\/2023\/01\/Screenshot-2023-01-26-at-19.46.08-768x575.png 768w, https:\/\/kottehusen.se\/wp-content\/uploads\/2023\/01\/Screenshot-2023-01-26-at-19.46.08-1536x1150.png 1536w, https:\/\/kottehusen.se\/wp-content\/uploads\/2023\/01\/Screenshot-2023-01-26-at-19.46.08.png 1622w\" sizes=\"(max-width: 1024px) 100vw, 1024px\" \/>\t\t\t\t\t\t\t\t\t\t\t\t\t\t\t<\/div>\n\t\t\t\t<\/div>\n\t\t\t\t\t<\/div>\n\t\t<\/div>\n\t\t\t\t\t<\/div>\n\t\t<\/section>\n\t\t\t\t<section class=\"elementor-section elementor-top-section elementor-element elementor-element-cda2693 elementor-section-boxed elementor-section-height-default elementor-section-height-default\" data-id=\"cda2693\" data-element_type=\"section\">\n\t\t\t\t\t\t<div class=\"elementor-container elementor-column-gap-default\">\n\t\t\t\t\t<div class=\"elementor-column elementor-col-100 elementor-top-column elementor-element elementor-element-cda4880\" data-id=\"cda4880\" data-element_type=\"column\">\n\t\t\t<div class=\"elementor-widget-wrap elementor-element-populated\">\n\t\t\t\t\t\t<div class=\"elementor-element elementor-element-e775e0c elementor-widget elementor-widget-google_maps\" data-id=\"e775e0c\" data-element_type=\"widget\" data-widget_type=\"google_maps.default\">\n\t\t\t\t<div class=\"elementor-widget-container\">\n\t\t\t\t\t\t\t<div class=\"elementor-custom-embed\">\n\t\t\t<iframe loading=\"lazy\"\n\t\t\t\t\tsrc=\"https:\/\/maps.google.com\/maps?q=Sm%C3%A5b%C3%A5tsgatan%204%2C%20302%2090%20Halmstad&#038;t=m&#038;z=14&#038;output=embed&#038;iwloc=near\"\n\t\t\t\t\ttitle=\"Sm\u00e5b\u00e5tsgatan 4, 302 90 Halmstad\"\n\t\t\t\t\taria-label=\"Sm\u00e5b\u00e5tsgatan 4, 302 90 Halmstad\"\n\t\t\t><\/iframe>\n\t\t<\/div>\n\t\t\t\t\t\t<\/div>\n\t\t\t\t<\/div>\n\t\t\t\t\t<\/div>\n\t\t<\/div>\n\t\t\t\t\t<\/div>\n\t\t<\/section>\n\t\t\t\t<\/div>","protected":false},"excerpt":{"rendered":"<p>V\u00e4lkommen att kontakta oss Kottehusen p\u00e5 S\u00f6derSm\u00e5b\u00e5tsgatan 4302 90 Halmstad kim@soderpiren.se<\/p>","protected":false},"author":1,"featured_media":0,"parent":0,"menu_order":0,"comment_status":"closed","ping_status":"closed","template":"elementor_header_footer","meta":{"footnotes":""},"class_list":["post-38","page","type-page","status-publish"],"_links":{"self":[{"href":"https:\/\/kottehusen.se\/de\/wp-json\/wp\/v2\/pages\/38","targetHints":{"allow":["GET"]}}],"collection":[{"href":"https:\/\/kottehusen.se\/de\/wp-json\/wp\/v2\/pages"}],"about":[{"href":"https:\/\/kottehusen.se\/de\/wp-json\/wp\/v2\/types\/page"}],"author":[{"embeddable":true,"href":"https:\/\/kottehusen.se\/de\/wp-json\/wp\/v2\/users\/1"}],"replies":[{"embeddable":true,"href":"https:\/\/kottehusen.se\/de\/wp-json\/wp\/v2\/comments?post=38"}],"version-history":[{"count":76,"href":"https:\/\/kottehusen.se\/de\/wp-json\/wp\/v2\/pages\/38\/revisions"}],"predecessor-version":[{"id":1340,"href":"https:\/\/kottehusen.se\/de\/wp-json\/wp\/v2\/pages\/38\/revisions\/1340"}],"wp:attachment":[{"href":"https:\/\/kottehusen.se\/de\/wp-json\/wp\/v2\/media?parent=38"}],"curies":[{"name":"wp","href":"https:\/\/api.w.org\/{rel}","templated":true}]}}