{"id":614,"date":"2023-01-26T14:17:22","date_gmt":"2023-01-26T13:17:22","guid":{"rendered":"https:\/\/kottehusen.se\/?page_id=614"},"modified":"2026-04-06T10:36:21","modified_gmt":"2026-04-06T08:36:21","slug":"villkor-och-regler","status":"publish","type":"page","link":"https:\/\/kottehusen.se\/de\/villkor-och-regler\/","title":{"rendered":"Bedingungen und Regeln"},"content":{"rendered":"<div data-elementor-type=\"wp-page\" data-elementor-id=\"614\" class=\"elementor elementor-614\" data-elementor-post-type=\"page\">\n\t\t\t\t\t\t<section class=\"elementor-section elementor-top-section elementor-element elementor-element-6525334 elementor-section-boxed elementor-section-height-default elementor-section-height-default\" data-id=\"6525334\" data-element_type=\"section\">\n\t\t\t\t\t\t<div class=\"elementor-container elementor-column-gap-default\">\n\t\t\t\t\t<div class=\"elementor-column elementor-col-100 elementor-top-column elementor-element elementor-element-5f81e13\" data-id=\"5f81e13\" data-element_type=\"column\">\n\t\t\t<div class=\"elementor-widget-wrap elementor-element-populated\">\n\t\t\t\t\t\t<div class=\"elementor-element elementor-element-e29f22e elementor-widget elementor-widget-text-editor\" data-id=\"e29f22e\" data-element_type=\"widget\" data-widget_type=\"text-editor.default\">\n\t\t\t\t<div class=\"elementor-widget-container\">\n\t\t\t\t\t\t\t\t\t<h4>Bedingungen und Regeln<\/h4><ul><li>Storno- und Umbuchungsbedingungen. Eine kostenfreie Stornierung und Umbuchung wird bis 7 Tage vor der Anreise angeboten.<\/li><li>Bei Stornierung oder Umbuchung sp\u00e4ter als 7 Tage vor Anreise werden 100 % des Gesamtbetrages des Aufenthaltes Ihnen in Rechnung gestellt.<\/li><li>Minimi\u00e5ldern\u00a0f\u00f6r att boka kottehusen \u00e4r 21 \u00e5r.<\/li><li>Boende och vistelse\u00a0i kottehusen sker p\u00e5 egen risk.<\/li><li>Incheckning 15.00 &amp;\u00a0utcheckning 10.30 inne p\u00e5 S\u00f6derpirens caf\u00e9<\/li><li>Vi erh\u00e5ller oss r\u00e4tten att avboka\u00a0kommande \u00f6vernattning om kottehusen av n\u00e5gon anledning blir obeboeliga pga extrema v\u00e4der, f\u00f6rst\u00f6relse m.m. G\u00e4sten har\u00a0d\u00e5 r\u00e4tt till 100% \u00e5terbetalning.<\/li><li>Det kan f\u00f6rekomma att vi beh\u00f6ver byta rum (kottehus) s\u00e5 \u00f6nskar ni ett specifikt kottehus kan ni kontakta oss f\u00f6r att se tillg\u00e4ngligheten.\u00a0<\/li><li>Wir (S\u00f6derpiren AB) verarbeiten Ihre personenbezogenen Daten f\u00fcr maximal drei (3) Jahre gem\u00e4\u00df unserer Richtlinie zu personenbezogenen Daten, lesen Sie hier mehr.<\/li><\/ul><h4>Andere Informationen<\/h4><ul><li>Es darf kein M\u00fcll au\u00dferhalb oder in der N\u00e4he Kottehusen zur\u00fcckgelassen werden. Am Servicegeb\u00e4ude sind Abfallbeh\u00e4lter vorhanden.<\/li><li>Das Rauchen ist in Kottehusen, oder drau\u00dfen bei ge\u00f6ffneter T\u00fcr\/Fenster verboten.<\/li><li>Denken Sie daran, dass Sie mitten in der Natur wohnen. Seien Sie vorsichtig mit Zigaretten und Zigarettenkippen, und alles, was sich entz\u00fcnden kann. Grillen Sie niemals in der N\u00e4he von Schilf oder in der trocknen Natur.<\/li><li>Nehmen Sie R\u00fccksicht auf Ihre Nachbarn.<\/li><li>Es ist m\u00f6glich, bei S\u00f6derpiren &amp; Lillebror Essen zu bestellen und zum Kottehus mitzunehmen. Notiz! Kein Alkohol darf den Essbereich im Freien von Lillebror verlassen. Auch das Mitbringen eigener Getr\u00e4nke ist dort nicht gestattet.<\/li><li>S\u00e4mtliche Kottehus haben einen Feuerl\u00f6scher, informieren Sie sich wo, und lesen Sie die Brandschutzdokumentation im Begr\u00fc\u00dfungsblatt.<\/li><li>Husdjur \u00e4r endast v\u00e4lkomna i kottehus nr 1. Obs! vid extra st\u00e4dning av m\u00f6bler pga hundh\u00e5r m.m. tillkommer en st\u00e4davgift p\u00e5 600:-. \u00c4r det bl\u00f6tt ute, be oss om en extra hundhandduk.<\/li><li>Bei Zerst\u00f6rung \u00fcber die normale Abnutzung hinaus muss diese vom Mieter ersetzt werden.<\/li><li>S\u00f6derpiren haftet nicht f\u00fcr pers\u00f6nliche Wertsachen.<\/li><li>S\u00f6derpirens caf\u00e9 hyrs ut f\u00f6r olika tillst\u00e4llningar \u00a0och vid n\u00e5gra tillf\u00e4llen f\u00f6rra \u00e5ret har man h\u00f6rt musik fr\u00e5n festlokalen till kottehusen, fr\u00e4mst Kottehus 1-2. Dem som hyr S\u00f6derpiren p\u00e5 kv\u00e4llarna, fr\u00e4mst helgerna, har tillst\u00e5nd att spela musik fram till kl.02.00.<\/li><\/ul>\t\t\t\t\t\t\t\t<\/div>\n\t\t\t\t<\/div>\n\t\t\t\t\t<\/div>\n\t\t<\/div>\n\t\t\t\t\t<\/div>\n\t\t<\/section>\n\t\t\t\t<\/div>","protected":false},"excerpt":{"rendered":"<p>Villkor &amp; regler Av- och ombokningsvillkor. Kostnadsfri av- och ombokning erbjuds fram till 7 dagar f\u00f6re ankomst. Vid av- och ombokning senare \u00e4n 7 dagar f\u00f6re ankomst debiteras 100% av vistelsens totala belopp. Minimi\u00e5ldern\u00a0f\u00f6r att boka kottehusen \u00e4r 21 \u00e5r. Boende och vistelse\u00a0i kottehusen sker p\u00e5 egen risk. Incheckning 15.00 &amp;\u00a0utcheckning 10.30 inne p\u00e5 S\u00f6derpirens &#8230; <a title=\"Bedingungen und Regeln\" class=\"read-more\" href=\"https:\/\/kottehusen.se\/de\/villkor-och-regler\/\" aria-label=\"Mehr Informationen \u00fcber Villkor och regler\">L\u00e4s mer<\/a><\/p>","protected":false},"author":1,"featured_media":0,"parent":0,"menu_order":0,"comment_status":"closed","ping_status":"closed","template":"","meta":{"footnotes":""},"class_list":["post-614","page","type-page","status-publish"],"_links":{"self":[{"href":"https:\/\/kottehusen.se\/de\/wp-json\/wp\/v2\/pages\/614","targetHints":{"allow":["GET"]}}],"collection":[{"href":"https:\/\/kottehusen.se\/de\/wp-json\/wp\/v2\/pages"}],"about":[{"href":"https:\/\/kottehusen.se\/de\/wp-json\/wp\/v2\/types\/page"}],"author":[{"embeddable":true,"href":"https:\/\/kottehusen.se\/de\/wp-json\/wp\/v2\/users\/1"}],"replies":[{"embeddable":true,"href":"https:\/\/kottehusen.se\/de\/wp-json\/wp\/v2\/comments?post=614"}],"version-history":[{"count":27,"href":"https:\/\/kottehusen.se\/de\/wp-json\/wp\/v2\/pages\/614\/revisions"}],"predecessor-version":[{"id":1413,"href":"https:\/\/kottehusen.se\/de\/wp-json\/wp\/v2\/pages\/614\/revisions\/1413"}],"wp:attachment":[{"href":"https:\/\/kottehusen.se\/de\/wp-json\/wp\/v2\/media?parent=614"}],"curies":[{"name":"wp","href":"https:\/\/api.w.org\/{rel}","templated":true}]}}