{"id":26,"date":"2022-11-09T09:16:03","date_gmt":"2022-11-09T08:16:03","guid":{"rendered":"https:\/\/kottehusen.se\/?page_id=26"},"modified":"2026-04-06T10:37:38","modified_gmt":"2026-04-06T08:37:38","slug":"boka","status":"publish","type":"page","link":"https:\/\/kottehusen.se\/en\/boka\/","title":{"rendered":"Book"},"content":{"rendered":"<div data-elementor-type=\"wp-page\" data-elementor-id=\"26\" class=\"elementor elementor-26\" data-elementor-post-type=\"page\">\n\t\t\t\t\t\t<section class=\"elementor-section elementor-top-section elementor-element elementor-element-1bee28f elementor-section-full_width elementor-section-height-min-height elementor-section-height-default elementor-section-items-middle\" data-id=\"1bee28f\" data-element_type=\"section\" data-settings=\"{&quot;background_background&quot;:&quot;classic&quot;}\">\n\t\t\t\t\t\t\t<div class=\"elementor-background-overlay\"><\/div>\n\t\t\t\t\t\t\t<div class=\"elementor-container elementor-column-gap-default\">\n\t\t\t\t\t<div class=\"elementor-column elementor-col-100 elementor-top-column elementor-element elementor-element-1cfbec0\" data-id=\"1cfbec0\" data-element_type=\"column\">\n\t\t\t<div class=\"elementor-widget-wrap elementor-element-populated\">\n\t\t\t\t\t\t<div class=\"elementor-element elementor-element-763386e elementor-widget elementor-widget-heading\" data-id=\"763386e\" data-element_type=\"widget\" data-widget_type=\"heading.default\">\n\t\t\t\t<div class=\"elementor-widget-container\">\n\t\t\t\t\t<h1 class=\"elementor-heading-title elementor-size-default\">Boka kottehusen 2025<\/h1>\t\t\t\t<\/div>\n\t\t\t\t<\/div>\n\t\t\t\t<div class=\"elementor-element elementor-element-0e972ec elementor-widget elementor-widget-heading\" data-id=\"0e972ec\" data-element_type=\"widget\" data-widget_type=\"heading.default\">\n\t\t\t\t<div class=\"elementor-widget-container\">\n\t\t\t\t\t<h6 class=\"elementor-heading-title elementor-size-default\">We have five \u201cKottehus\u201d available between April and September<\/h6>\t\t\t\t<\/div>\n\t\t\t\t<\/div>\n\t\t\t\t<section class=\"elementor-section elementor-inner-section elementor-element elementor-element-a9665fa elementor-section-boxed elementor-section-height-default elementor-section-height-default\" data-id=\"a9665fa\" data-element_type=\"section\">\n\t\t\t\t\t\t<div class=\"elementor-container elementor-column-gap-default\">\n\t\t\t\t\t<div class=\"elementor-column elementor-col-100 elementor-inner-column elementor-element elementor-element-7b193db\" data-id=\"7b193db\" data-element_type=\"column\">\n\t\t\t<div class=\"elementor-widget-wrap elementor-element-populated\">\n\t\t\t\t\t\t<div class=\"elementor-element elementor-element-9afbb69 elementor-align-center elementor-widget elementor-widget-button\" data-id=\"9afbb69\" data-element_type=\"widget\" data-widget_type=\"button.default\">\n\t\t\t\t<div class=\"elementor-widget-container\">\n\t\t\t\t\t\t\t\t\t<div class=\"elementor-button-wrapper\">\n\t\t\t\t\t<a class=\"elementor-button elementor-button-link elementor-size-md\" href=\"\/en\/kottehusen\/\">\n\t\t\t\t\t\t<span class=\"elementor-button-content-wrapper\">\n\t\t\t\t\t\t\t\t\t<span class=\"elementor-button-text\">Read more about \"Kottehusen\"<\/span>\n\t\t\t\t\t<\/span>\n\t\t\t\t\t<\/a>\n\t\t\t\t<\/div>\n\t\t\t\t\t\t\t\t<\/div>\n\t\t\t\t<\/div>\n\t\t\t\t\t<\/div>\n\t\t<\/div>\n\t\t\t\t\t<\/div>\n\t\t<\/section>\n\t\t\t\t\t<\/div>\n\t\t<\/div>\n\t\t\t\t\t<\/div>\n\t\t<\/section>\n\t\t\t\t<section class=\"elementor-section elementor-top-section elementor-element elementor-element-390b90a9 elementor-section-boxed elementor-section-height-default elementor-section-height-default\" data-id=\"390b90a9\" data-element_type=\"section\">\n\t\t\t\t\t\t<div class=\"elementor-container elementor-column-gap-default\">\n\t\t\t\t\t<div class=\"elementor-column elementor-col-100 elementor-top-column elementor-element elementor-element-4225bc3c\" data-id=\"4225bc3c\" data-element_type=\"column\" data-settings=\"{&quot;background_background&quot;:&quot;classic&quot;}\">\n\t\t\t<div class=\"elementor-widget-wrap elementor-element-populated\">\n\t\t\t\t\t\t<div class=\"elementor-element elementor-element-73ce6a40 elementor-widget elementor-widget-heading\" data-id=\"73ce6a40\" data-element_type=\"widget\" data-widget_type=\"heading.default\">\n\t\t\t\t<div class=\"elementor-widget-container\">\n\t\t\t\t\t<h4 class=\"elementor-heading-title elementor-size-default\">Bo i vassen med havet som granne p\u00e5 Halmstad city-strand<\/h4>\t\t\t\t<\/div>\n\t\t\t\t<\/div>\n\t\t\t\t<section class=\"elementor-section elementor-inner-section elementor-element elementor-element-30813b5d elementor-section-boxed elementor-section-height-default elementor-section-height-default\" data-id=\"30813b5d\" data-element_type=\"section\">\n\t\t\t\t\t\t<div class=\"elementor-container elementor-column-gap-default\">\n\t\t\t\t\t<div class=\"elementor-column elementor-col-50 elementor-inner-column elementor-element elementor-element-6ddbb556\" data-id=\"6ddbb556\" data-element_type=\"column\">\n\t\t\t<div class=\"elementor-widget-wrap elementor-element-populated\">\n\t\t\t\t\t\t<div class=\"elementor-element elementor-element-5af1cf7 elementor-widget elementor-widget-text-editor\" data-id=\"5af1cf7\" data-element_type=\"widget\" data-widget_type=\"text-editor.default\">\n\t\t\t\t<div class=\"elementor-widget-container\">\n\t\t\t\t\t\t\t\t\t<div><div><div><strong>The price includes<\/strong><\/div><\/div><\/div><div>\u00a0<\/div><div><div>* Rent of a \"Kottehus\" with private terrace<\/div><div>* Breakfast each morning, door delivered<\/div><div>* Ocean view<\/div><div>* Beddings, towels<\/div><div>* Loan of a bathrobe<\/div><div>* Coffee\/tea during the stay<\/div><div>* Toiletries<\/div><div>* Discounts at S\u00f6derpiren and Lillebror<\/div><div>\u00a0<\/div><div>Read more detailed information about what's included in each \"Kottehus\" here<\/div><\/div>\t\t\t\t\t\t\t\t<\/div>\n\t\t\t\t<\/div>\n\t\t\t\t\t<\/div>\n\t\t<\/div>\n\t\t\t\t<div class=\"elementor-column elementor-col-50 elementor-inner-column elementor-element elementor-element-691cd75\" data-id=\"691cd75\" data-element_type=\"column\">\n\t\t\t<div class=\"elementor-widget-wrap elementor-element-populated\">\n\t\t\t\t\t\t<div class=\"elementor-element elementor-element-d62081c elementor-widget elementor-widget-text-editor\" data-id=\"d62081c\" data-element_type=\"widget\" data-widget_type=\"text-editor.default\">\n\t\t\t\t<div class=\"elementor-widget-container\">\n\t\t\t\t\t\t\t\t\t<p><strong>General information<\/strong><\/p><p>Incheckning: 15.00 och fram\u00e5t\u00a0<br \/>Check-out: 10:30 \/ 10:30 am inside S\u00f6derpiren<\/p><p>On arrival you\u2019ll get a breakfast order form to fill and specify any allergies.<br \/>Toilets and showers are located in a service building at S\u00f6derpiten, accessible only by the guests of any of the \"Kottehus\".<\/p><p>L\u00e4s mer under <a href=\"https:\/\/kottehusen.se\/en\/villkor-och-regler\/\">villkor &amp; regler<\/a>\u00a0<\/p>\t\t\t\t\t\t\t\t<\/div>\n\t\t\t\t<\/div>\n\t\t\t\t\t<\/div>\n\t\t<\/div>\n\t\t\t\t\t<\/div>\n\t\t<\/section>\n\t\t\t\t\t<\/div>\n\t\t<\/div>\n\t\t\t\t\t<\/div>\n\t\t<\/section>\n\t\t\t\t<section class=\"elementor-section elementor-top-section elementor-element elementor-element-13242e0 elementor-section-boxed elementor-section-height-default elementor-section-height-default\" data-id=\"13242e0\" data-element_type=\"section\">\n\t\t\t\t\t\t<div class=\"elementor-container elementor-column-gap-default\">\n\t\t\t\t\t<div class=\"elementor-column elementor-col-100 elementor-top-column elementor-element elementor-element-e9152fd\" data-id=\"e9152fd\" data-element_type=\"column\">\n\t\t\t<div class=\"elementor-widget-wrap elementor-element-populated\">\n\t\t\t\t\t\t<div class=\"elementor-element elementor-element-b3782d5 elementor-widget elementor-widget-text-editor\" data-id=\"b3782d5\" data-element_type=\"widget\" data-widget_type=\"text-editor.default\">\n\t\t\t\t<div class=\"elementor-widget-container\">\n\t\t\t\t\t\t\t\t\t<p>Pris fr\u00e5n 1795:-\/kottehus\/natt inkl. frukost f\u00f6r 2<\/p>\t\t\t\t\t\t\t\t<\/div>\n\t\t\t\t<\/div>\n\t\t\t\t\t<\/div>\n\t\t<\/div>\n\t\t\t\t\t<\/div>\n\t\t<\/section>\n\t\t\t\t<section class=\"elementor-section elementor-top-section elementor-element elementor-element-8be800b elementor-section-boxed elementor-section-height-default elementor-section-height-default\" data-id=\"8be800b\" data-element_type=\"section\">\n\t\t\t\t\t\t<div class=\"elementor-container elementor-column-gap-default\">\n\t\t\t\t\t<div class=\"elementor-column elementor-col-100 elementor-top-column elementor-element elementor-element-b51cec8\" data-id=\"b51cec8\" data-element_type=\"column\">\n\t\t\t<div class=\"elementor-widget-wrap elementor-element-populated\">\n\t\t\t\t\t\t<div class=\"elementor-element elementor-element-be998b8 elementor-widget elementor-widget-html\" data-id=\"be998b8\" data-element_type=\"widget\" data-widget_type=\"html.default\">\n\t\t\t\t<div class=\"elementor-widget-container\">\n\t\t\t\t\t<script async=\"\" data-form-id=\"a25eceb90d59f309\" src=\"https:\/\/secured.sirvoy.com\/widget\/sirvoy.js\"><\/script>\t\t\t\t<\/div>\n\t\t\t\t<\/div>\n\t\t\t\t\t<\/div>\n\t\t<\/div>\n\t\t\t\t\t<\/div>\n\t\t<\/section>\n\t\t\t\t<section class=\"elementor-section elementor-top-section elementor-element elementor-element-607a9af elementor-section-boxed elementor-section-height-default elementor-section-height-default\" data-id=\"607a9af\" data-element_type=\"section\">\n\t\t\t\t\t\t<div class=\"elementor-container elementor-column-gap-default\">\n\t\t\t\t\t<div class=\"elementor-column elementor-col-100 elementor-top-column elementor-element elementor-element-6f0173b\" data-id=\"6f0173b\" data-element_type=\"column\">\n\t\t\t<div class=\"elementor-widget-wrap elementor-element-populated\">\n\t\t\t\t\t\t<div class=\"elementor-element elementor-element-367610f elementor-widget elementor-widget-text-editor\" data-id=\"367610f\" data-element_type=\"widget\" data-widget_type=\"text-editor.default\">\n\t\t\t\t<div class=\"elementor-widget-container\">\n\t\t\t\t\t\t\t\t\t<p><strong>Nytt f\u00f6r i \u00e5r!\u00a0<br \/><\/strong><span style=\"font-size: inherit;\">Kottehus 3 flyttas n\u00e4rmare kottehus 4 &amp; 5 f\u00f6r b\u00e4ttre utsikt<\/span><\/p><p><span style=\"text-decoration: underline;\"><strong>Priser 2026 inkl frukost f\u00f6r 2 personer<\/strong><\/span><\/p><p><span style=\"font-weight: 400;\"><strong>L\u00e5gs\u00e4song t.o.m. 31 maj<\/strong><br \/><\/span><span style=\"font-weight: 400;\">Kotte 1-2, s\u00f6n-tors: 1495:-\/natt<br \/><\/span><span style=\"font-weight: 400;\">Kotte 1-2, fre-l\u00f6r: 1795:-\/natt<br \/><\/span><span style=\"font-weight: 400;\">Kotte 3-5 s\u00f6n-tors: 1795:-\/natt<br \/><\/span><span style=\"font-weight: 400;\">Kotte 3-5 fre-l\u00f6r: 1995:-\/natt<\/span><\/p><p><span style=\"font-weight: 400;\"><strong>H\u00f6gs\u00e4song 1 juni &#8211; 31 aug<\/strong><br \/><\/span><span style=\"font-weight: 400;\">Kotte 1-2: 1995:-\/natt<br \/><\/span><span style=\"font-weight: 400;\">Kotte 3-5: 2195:-\/natt<\/span><\/p><p><span style=\"font-weight: 400;\"><strong>L\u00e5gs\u00e4song 1 sep-29 sep<\/strong><br \/><\/span><span style=\"font-weight: 400;\">Kotte 1-2, s\u00f6n-tors: 1495:-\/natt<br \/><\/span><span style=\"font-weight: 400;\">Kotte 1-2, fre-l\u00f6r: 1795:-\/natt<br \/><span style=\"font-size: inherit;\">Kotte 3-5 s\u00f6n-tors: 1795:-\/natt<br \/><\/span><\/span><span style=\"font-weight: 400;\">Kotte 3-5 fre-l\u00f6r: 1995:-\/natt<\/span><\/p>\t\t\t\t\t\t\t\t<\/div>\n\t\t\t\t<\/div>\n\t\t\t\t\t<\/div>\n\t\t<\/div>\n\t\t\t\t\t<\/div>\n\t\t<\/section>\n\t\t\t\t<section class=\"elementor-section elementor-top-section elementor-element elementor-element-b0984fd elementor-section-boxed elementor-section-height-default elementor-section-height-default\" data-id=\"b0984fd\" data-element_type=\"section\">\n\t\t\t\t\t\t<div class=\"elementor-container elementor-column-gap-default\">\n\t\t\t\t\t<div class=\"elementor-column elementor-col-100 elementor-top-column elementor-element elementor-element-b2009f5\" data-id=\"b2009f5\" data-element_type=\"column\">\n\t\t\t<div class=\"elementor-widget-wrap elementor-element-populated\">\n\t\t\t\t\t\t<div class=\"elementor-element elementor-element-e24a953 elementor-widget elementor-widget-image\" data-id=\"e24a953\" data-element_type=\"widget\" data-widget_type=\"image.default\">\n\t\t\t\t<div class=\"elementor-widget-container\">\n\t\t\t\t\t\t\t\t\t\t\t\t\t\t\t<img fetchpriority=\"high\" decoding=\"async\" width=\"842\" height=\"595\" src=\"https:\/\/kottehusen.se\/wp-content\/uploads\/2024\/01\/karta.jpg\" class=\"attachment-1536x1536 size-1536x1536 wp-image-1293\" alt=\"\" srcset=\"https:\/\/kottehusen.se\/wp-content\/uploads\/2024\/01\/karta.jpg 842w, https:\/\/kottehusen.se\/wp-content\/uploads\/2024\/01\/karta-300x212.jpg 300w, https:\/\/kottehusen.se\/wp-content\/uploads\/2024\/01\/karta-768x543.jpg 768w, https:\/\/kottehusen.se\/wp-content\/uploads\/2024\/01\/karta-18x12.jpg 18w\" sizes=\"(max-width: 842px) 100vw, 842px\" \/>\t\t\t\t\t\t\t\t\t\t\t\t\t\t\t<\/div>\n\t\t\t\t<\/div>\n\t\t\t\t\t<\/div>\n\t\t<\/div>\n\t\t\t\t\t<\/div>\n\t\t<\/section>\n\t\t\t\t<section class=\"elementor-section elementor-top-section elementor-element elementor-element-5d63165 elementor-section-boxed elementor-section-height-default elementor-section-height-default\" data-id=\"5d63165\" data-element_type=\"section\">\n\t\t\t\t\t\t<div class=\"elementor-container elementor-column-gap-default\">\n\t\t\t\t\t<div class=\"elementor-column elementor-col-100 elementor-top-column elementor-element elementor-element-46b51df\" data-id=\"46b51df\" data-element_type=\"column\">\n\t\t\t<div class=\"elementor-widget-wrap elementor-element-populated\">\n\t\t\t\t\t\t<div class=\"elementor-element elementor-element-13d0c47 elementor-widget elementor-widget-text-editor\" data-id=\"13d0c47\" data-element_type=\"widget\" data-widget_type=\"text-editor.default\">\n\t\t\t\t<div class=\"elementor-widget-container\">\n\t\t\t\t\t\t\t\t\t<p><em>Kottehus 1 is closest to the service house &amp; caf\u00e9 S\u00f6derpiren<\/em><\/p>\t\t\t\t\t\t\t\t<\/div>\n\t\t\t\t<\/div>\n\t\t\t\t\t<\/div>\n\t\t<\/div>\n\t\t\t\t\t<\/div>\n\t\t<\/section>\n\t\t\t\t<section class=\"elementor-section elementor-top-section elementor-element elementor-element-b830774 elementor-section-boxed elementor-section-height-default elementor-section-height-default\" data-id=\"b830774\" data-element_type=\"section\">\n\t\t\t\t\t\t<div class=\"elementor-container elementor-column-gap-default\">\n\t\t\t\t\t<div class=\"elementor-column elementor-col-100 elementor-top-column elementor-element elementor-element-68acf38\" data-id=\"68acf38\" data-element_type=\"column\">\n\t\t\t<div class=\"elementor-widget-wrap elementor-element-populated\">\n\t\t\t\t\t\t<div class=\"elementor-element elementor-element-bec79c8 elementor-widget elementor-widget-image\" data-id=\"bec79c8\" data-element_type=\"widget\" data-widget_type=\"image.default\">\n\t\t\t\t<div class=\"elementor-widget-container\">\n\t\t\t\t\t\t\t\t\t\t\t\t\t\t\t<img decoding=\"async\" width=\"1024\" height=\"612\" src=\"https:\/\/kottehusen.se\/wp-content\/uploads\/2023\/01\/headerkotte-1024x612.png\" class=\"attachment-large size-large wp-image-756\" alt=\"\" srcset=\"https:\/\/kottehusen.se\/wp-content\/uploads\/2023\/01\/headerkotte-1024x612.png 1024w, https:\/\/kottehusen.se\/wp-content\/uploads\/2023\/01\/headerkotte-300x179.png 300w, https:\/\/kottehusen.se\/wp-content\/uploads\/2023\/01\/headerkotte-768x459.png 768w, https:\/\/kottehusen.se\/wp-content\/uploads\/2023\/01\/headerkotte-1536x919.png 1536w, https:\/\/kottehusen.se\/wp-content\/uploads\/2023\/01\/headerkotte-18x12.png 18w, https:\/\/kottehusen.se\/wp-content\/uploads\/2023\/01\/headerkotte.png 2000w\" sizes=\"(max-width: 1024px) 100vw, 1024px\" \/>\t\t\t\t\t\t\t\t\t\t\t\t\t\t\t<\/div>\n\t\t\t\t<\/div>\n\t\t\t\t\t<\/div>\n\t\t<\/div>\n\t\t\t\t\t<\/div>\n\t\t<\/section>\n\t\t\t\t<section class=\"elementor-section elementor-top-section elementor-element elementor-element-79471de9 elementor-section-boxed elementor-section-height-default elementor-section-height-default\" data-id=\"79471de9\" data-element_type=\"section\">\n\t\t\t\t\t\t<div class=\"elementor-container elementor-column-gap-default\">\n\t\t\t\t\t<div class=\"elementor-column elementor-col-33 elementor-top-column elementor-element elementor-element-168f1a0b\" data-id=\"168f1a0b\" data-element_type=\"column\">\n\t\t\t<div class=\"elementor-widget-wrap elementor-element-populated\">\n\t\t\t\t\t\t<div class=\"elementor-element elementor-element-31f95209 elementor-widget elementor-widget-image\" data-id=\"31f95209\" data-element_type=\"widget\" data-widget_type=\"image.default\">\n\t\t\t\t<div class=\"elementor-widget-container\">\n\t\t\t\t\t\t\t\t\t\t\t\t<figure class=\"wp-caption\">\n\t\t\t\t\t\t\t\t\t\t<img decoding=\"async\" width=\"768\" height=\"768\" src=\"https:\/\/kottehusen.se\/wp-content\/uploads\/2023\/01\/vy-768x768-1.png\" class=\"attachment-large size-large wp-image-517\" alt=\"\" srcset=\"https:\/\/kottehusen.se\/wp-content\/uploads\/2023\/01\/vy-768x768-1.png 768w, https:\/\/kottehusen.se\/wp-content\/uploads\/2023\/01\/vy-768x768-1-300x300.png 300w, https:\/\/kottehusen.se\/wp-content\/uploads\/2023\/01\/vy-768x768-1-150x150.png 150w\" sizes=\"(max-width: 768px) 100vw, 768px\" \/>\t\t\t\t\t\t\t\t\t\t\t<figcaption class=\"widget-image-caption wp-caption-text\">View from cone house number 4<\/figcaption>\n\t\t\t\t\t\t\t\t\t\t<\/figure>\n\t\t\t\t\t\t\t\t\t<\/div>\n\t\t\t\t<\/div>\n\t\t\t\t\t<\/div>\n\t\t<\/div>\n\t\t\t\t<div class=\"elementor-column elementor-col-33 elementor-top-column elementor-element elementor-element-67d77f89\" data-id=\"67d77f89\" data-element_type=\"column\">\n\t\t\t<div class=\"elementor-widget-wrap elementor-element-populated\">\n\t\t\t\t\t\t<div class=\"elementor-element elementor-element-2638057a elementor-widget elementor-widget-image\" data-id=\"2638057a\" data-element_type=\"widget\" data-widget_type=\"image.default\">\n\t\t\t\t<div class=\"elementor-widget-container\">\n\t\t\t\t\t\t\t\t\t\t\t\t<figure class=\"wp-caption\">\n\t\t\t\t\t\t\t\t\t\t<img loading=\"lazy\" decoding=\"async\" width=\"1024\" height=\"1024\" src=\"https:\/\/kottehusen.se\/wp-content\/uploads\/2023\/01\/kotte_inne-1024x1024-2.png\" class=\"attachment-large size-large wp-image-518\" alt=\"\" srcset=\"https:\/\/kottehusen.se\/wp-content\/uploads\/2023\/01\/kotte_inne-1024x1024-2.png 1024w, https:\/\/kottehusen.se\/wp-content\/uploads\/2023\/01\/kotte_inne-1024x1024-2-300x300.png 300w, https:\/\/kottehusen.se\/wp-content\/uploads\/2023\/01\/kotte_inne-1024x1024-2-150x150.png 150w, https:\/\/kottehusen.se\/wp-content\/uploads\/2023\/01\/kotte_inne-1024x1024-2-768x768.png 768w\" sizes=\"(max-width: 1024px) 100vw, 1024px\" \/>\t\t\t\t\t\t\t\t\t\t\t<figcaption class=\"widget-image-caption wp-caption-text\">Interior Kottehus <\/figcaption>\n\t\t\t\t\t\t\t\t\t\t<\/figure>\n\t\t\t\t\t\t\t\t\t<\/div>\n\t\t\t\t<\/div>\n\t\t\t\t\t<\/div>\n\t\t<\/div>\n\t\t\t\t<div class=\"elementor-column elementor-col-33 elementor-top-column elementor-element elementor-element-3b374376\" data-id=\"3b374376\" data-element_type=\"column\">\n\t\t\t<div class=\"elementor-widget-wrap elementor-element-populated\">\n\t\t\t\t\t\t<div class=\"elementor-element elementor-element-6e92414a elementor-widget elementor-widget-image\" data-id=\"6e92414a\" data-element_type=\"widget\" data-widget_type=\"image.default\">\n\t\t\t\t<div class=\"elementor-widget-container\">\n\t\t\t\t\t\t\t\t\t\t\t\t<figure class=\"wp-caption\">\n\t\t\t\t\t\t\t\t\t\t<img loading=\"lazy\" decoding=\"async\" width=\"1024\" height=\"1024\" src=\"https:\/\/kottehusen.se\/wp-content\/uploads\/2023\/01\/kotte-1024x1024-1.png\" class=\"attachment-large size-large wp-image-519\" alt=\"\" srcset=\"https:\/\/kottehusen.se\/wp-content\/uploads\/2023\/01\/kotte-1024x1024-1.png 1024w, https:\/\/kottehusen.se\/wp-content\/uploads\/2023\/01\/kotte-1024x1024-1-300x300.png 300w, https:\/\/kottehusen.se\/wp-content\/uploads\/2023\/01\/kotte-1024x1024-1-150x150.png 150w, https:\/\/kottehusen.se\/wp-content\/uploads\/2023\/01\/kotte-1024x1024-1-768x768.png 768w\" sizes=\"(max-width: 1024px) 100vw, 1024px\" \/>\t\t\t\t\t\t\t\t\t\t\t<figcaption class=\"widget-image-caption wp-caption-text\">Kottehusen p\u00e5 S\u00f6der<\/figcaption>\n\t\t\t\t\t\t\t\t\t\t<\/figure>\n\t\t\t\t\t\t\t\t\t<\/div>\n\t\t\t\t<\/div>\n\t\t\t\t\t<\/div>\n\t\t<\/div>\n\t\t\t\t\t<\/div>\n\t\t<\/section>\n\t\t\t\t<\/div>","protected":false},"excerpt":{"rendered":"<p>Boka kottehusen 2025 Vi hyr ut 5 st Kottehus mellan april-sep L\u00e4s mer om Kottehusen Bo i vassen med havet som granne p\u00e5 Halmstad city-strand I priset ing\u00e5r\u00a0* Hyra av ett Kottehus inkl. privat altan* Frukost varje morgon, levererad direkt till d\u00f6rren* Havsutsikt* S\u00e4ngkl\u00e4der, handdukar* L\u00e5n av badrock* Kaffe\/te under vistelsen* Toalettartiklar* Erbjudande hos grannarna &#8230; <a title=\"Book\" class=\"read-more\" href=\"https:\/\/kottehusen.se\/en\/boka\/\" aria-label=\"Read more about Boka\">L\u00e4s mer<\/a><\/p>","protected":false},"author":1,"featured_media":0,"parent":0,"menu_order":0,"comment_status":"closed","ping_status":"closed","template":"elementor_header_footer","meta":{"footnotes":""},"class_list":["post-26","page","type-page","status-publish"],"_links":{"self":[{"href":"https:\/\/kottehusen.se\/en\/wp-json\/wp\/v2\/pages\/26","targetHints":{"allow":["GET"]}}],"collection":[{"href":"https:\/\/kottehusen.se\/en\/wp-json\/wp\/v2\/pages"}],"about":[{"href":"https:\/\/kottehusen.se\/en\/wp-json\/wp\/v2\/types\/page"}],"author":[{"embeddable":true,"href":"https:\/\/kottehusen.se\/en\/wp-json\/wp\/v2\/users\/1"}],"replies":[{"embeddable":true,"href":"https:\/\/kottehusen.se\/en\/wp-json\/wp\/v2\/comments?post=26"}],"version-history":[{"count":104,"href":"https:\/\/kottehusen.se\/en\/wp-json\/wp\/v2\/pages\/26\/revisions"}],"predecessor-version":[{"id":1416,"href":"https:\/\/kottehusen.se\/en\/wp-json\/wp\/v2\/pages\/26\/revisions\/1416"}],"wp:attachment":[{"href":"https:\/\/kottehusen.se\/en\/wp-json\/wp\/v2\/media?parent=26"}],"curies":[{"name":"wp","href":"https:\/\/api.w.org\/{rel}","templated":true}]}}