{"id":30,"date":"2022-11-09T09:16:22","date_gmt":"2022-11-09T08:16:22","guid":{"rendered":"https:\/\/kottehusen.se\/?page_id=30"},"modified":"2026-04-06T10:39:25","modified_gmt":"2026-04-06T08:39:25","slug":"kottehusen","status":"publish","type":"page","link":"https:\/\/kottehusen.se\/en\/kottehusen\/","title":{"rendered":"Kottehusen"},"content":{"rendered":"<div data-elementor-type=\"wp-page\" data-elementor-id=\"30\" class=\"elementor elementor-30\" data-elementor-post-type=\"page\">\n\t\t\t\t\t\t<section class=\"elementor-section elementor-top-section elementor-element elementor-element-d1fd81b elementor-section-full_width elementor-section-height-min-height elementor-section-height-default elementor-section-items-middle\" data-id=\"d1fd81b\" data-element_type=\"section\" data-settings=\"{&quot;background_background&quot;:&quot;classic&quot;}\">\n\t\t\t\t\t\t\t<div class=\"elementor-background-overlay\"><\/div>\n\t\t\t\t\t\t\t<div class=\"elementor-container elementor-column-gap-default\">\n\t\t\t\t\t<div class=\"elementor-column elementor-col-100 elementor-top-column elementor-element elementor-element-f205d6a\" data-id=\"f205d6a\" data-element_type=\"column\">\n\t\t\t<div class=\"elementor-widget-wrap elementor-element-populated\">\n\t\t\t\t\t\t<div class=\"elementor-element elementor-element-b21c7d2 elementor-widget elementor-widget-heading\" data-id=\"b21c7d2\" data-element_type=\"widget\" data-widget_type=\"heading.default\">\n\t\t\t\t<div class=\"elementor-widget-container\">\n\t\t\t\t\t<h1 class=\"elementor-heading-title elementor-size-default\">Kottehusen p\u00e5 S\u00f6der<\/h1>\t\t\t\t<\/div>\n\t\t\t\t<\/div>\n\t\t\t\t<div class=\"elementor-element elementor-element-fd10057 elementor-widget elementor-widget-heading\" data-id=\"fd10057\" data-element_type=\"widget\" data-widget_type=\"heading.default\">\n\t\t\t\t<div class=\"elementor-widget-container\">\n\t\t\t\t\t<h3 class=\"elementor-heading-title elementor-size-default\">\"V\u00e4stra stranden\", Halmstads city beach<\/h3>\t\t\t\t<\/div>\n\t\t\t\t<\/div>\n\t\t\t\t<section class=\"elementor-section elementor-inner-section elementor-element elementor-element-6a8c124 elementor-section-boxed elementor-section-height-default elementor-section-height-default\" data-id=\"6a8c124\" data-element_type=\"section\">\n\t\t\t\t\t\t<div class=\"elementor-container elementor-column-gap-default\">\n\t\t\t\t\t<div class=\"elementor-column elementor-col-100 elementor-inner-column elementor-element elementor-element-c87364b\" data-id=\"c87364b\" data-element_type=\"column\">\n\t\t\t<div class=\"elementor-widget-wrap elementor-element-populated\">\n\t\t\t\t\t\t<div class=\"elementor-element elementor-element-e76f908 elementor-align-center elementor-widget elementor-widget-button\" data-id=\"e76f908\" data-element_type=\"widget\" data-widget_type=\"button.default\">\n\t\t\t\t<div class=\"elementor-widget-container\">\n\t\t\t\t\t\t\t\t\t<div class=\"elementor-button-wrapper\">\n\t\t\t\t\t<a class=\"elementor-button elementor-button-link elementor-size-md\" href=\"\/en\/boka\/\">\n\t\t\t\t\t\t<span class=\"elementor-button-content-wrapper\">\n\t\t\t\t\t\t\t\t\t<span class=\"elementor-button-text\">Book your stay here<\/span>\n\t\t\t\t\t<\/span>\n\t\t\t\t\t<\/a>\n\t\t\t\t<\/div>\n\t\t\t\t\t\t\t\t<\/div>\n\t\t\t\t<\/div>\n\t\t\t\t\t<\/div>\n\t\t<\/div>\n\t\t\t\t\t<\/div>\n\t\t<\/section>\n\t\t\t\t\t<\/div>\n\t\t<\/div>\n\t\t\t\t\t<\/div>\n\t\t<\/section>\n\t\t\t\t<section class=\"elementor-section elementor-top-section elementor-element elementor-element-c544cac elementor-section-boxed elementor-section-height-default elementor-section-height-default\" data-id=\"c544cac\" data-element_type=\"section\">\n\t\t\t\t\t\t<div class=\"elementor-container elementor-column-gap-default\">\n\t\t\t\t\t<div class=\"elementor-column elementor-col-100 elementor-top-column elementor-element elementor-element-cbfdb95\" data-id=\"cbfdb95\" data-element_type=\"column\">\n\t\t\t<div class=\"elementor-widget-wrap elementor-element-populated\">\n\t\t\t\t\t\t<div class=\"elementor-element elementor-element-cc1403f elementor-widget elementor-widget-spacer\" data-id=\"cc1403f\" data-element_type=\"widget\" data-widget_type=\"spacer.default\">\n\t\t\t\t<div class=\"elementor-widget-container\">\n\t\t\t\t\t\t\t<div class=\"elementor-spacer\">\n\t\t\t<div class=\"elementor-spacer-inner\"><\/div>\n\t\t<\/div>\n\t\t\t\t\t\t<\/div>\n\t\t\t\t<\/div>\n\t\t\t\t\t<\/div>\n\t\t<\/div>\n\t\t\t\t\t<\/div>\n\t\t<\/section>\n\t\t\t\t<section class=\"elementor-section elementor-top-section elementor-element elementor-element-35258f47 elementor-section-boxed elementor-section-height-default elementor-section-height-default\" data-id=\"35258f47\" data-element_type=\"section\">\n\t\t\t\t\t\t<div class=\"elementor-container elementor-column-gap-default\">\n\t\t\t\t\t<div class=\"elementor-column elementor-col-100 elementor-top-column elementor-element elementor-element-6bacd447\" data-id=\"6bacd447\" data-element_type=\"column\" data-settings=\"{&quot;background_background&quot;:&quot;classic&quot;}\">\n\t\t\t<div class=\"elementor-widget-wrap elementor-element-populated\">\n\t\t\t\t\t\t<div class=\"elementor-element elementor-element-64e2af13 elementor-widget elementor-widget-heading\" data-id=\"64e2af13\" data-element_type=\"widget\" data-widget_type=\"heading.default\">\n\t\t\t\t<div class=\"elementor-widget-container\">\n\t\t\t\t\t<h4 class=\"elementor-heading-title elementor-size-default\">In every pine house there is<\/h4>\t\t\t\t<\/div>\n\t\t\t\t<\/div>\n\t\t\t\t<section class=\"elementor-section elementor-inner-section elementor-element elementor-element-29bc44c elementor-section-content-bottom elementor-section-boxed elementor-section-height-default elementor-section-height-default\" data-id=\"29bc44c\" data-element_type=\"section\">\n\t\t\t\t\t\t<div class=\"elementor-container elementor-column-gap-default\">\n\t\t\t\t\t<div class=\"elementor-column elementor-col-50 elementor-inner-column elementor-element elementor-element-1eac757\" data-id=\"1eac757\" data-element_type=\"column\">\n\t\t\t<div class=\"elementor-widget-wrap elementor-element-populated\">\n\t\t\t\t\t\t<div class=\"elementor-element elementor-element-844e825 elementor-widget elementor-widget-text-editor\" data-id=\"844e825\" data-element_type=\"widget\" data-widget_type=\"text-editor.default\">\n\t\t\t\t<div class=\"elementor-widget-container\">\n\t\t\t\t\t\t\t\t\t<p>* A double bed 180x200 cm<br \/>* Storage box<br \/>* Refrigerator<br \/>* Armchairs that can be used outside and inside<br \/>* A small table<br \/>* Electrical sockets for charging mobile phones etc.<br \/>* A electrical kettle<br \/>* Tea\/coffee<br \/>* Small fan<br \/>* A mirror<br \/>* Fire extinguisher<br \/>* Cups, wine &amp; champagne glasses<\/p><p>And of course, each one also has their own terrace with a view of the sea!<\/p>\t\t\t\t\t\t\t\t<\/div>\n\t\t\t\t<\/div>\n\t\t\t\t\t<\/div>\n\t\t<\/div>\n\t\t\t\t<div class=\"elementor-column elementor-col-50 elementor-inner-column elementor-element elementor-element-4cc89fb\" data-id=\"4cc89fb\" data-element_type=\"column\">\n\t\t\t<div class=\"elementor-widget-wrap elementor-element-populated\">\n\t\t\t\t\t\t<div class=\"elementor-element elementor-element-90b03f1 elementor-widget elementor-widget-image\" data-id=\"90b03f1\" data-element_type=\"widget\" data-widget_type=\"image.default\">\n\t\t\t\t<div class=\"elementor-widget-container\">\n\t\t\t\t\t\t\t\t\t\t\t\t\t\t\t<img fetchpriority=\"high\" decoding=\"async\" width=\"960\" height=\"540\" src=\"https:\/\/kottehusen.se\/wp-content\/uploads\/2023\/01\/skiss.png\" class=\"attachment-large size-large wp-image-524\" alt=\"\" srcset=\"https:\/\/kottehusen.se\/wp-content\/uploads\/2023\/01\/skiss.png 960w, https:\/\/kottehusen.se\/wp-content\/uploads\/2023\/01\/skiss-300x169.png 300w, https:\/\/kottehusen.se\/wp-content\/uploads\/2023\/01\/skiss-768x432.png 768w\" sizes=\"(max-width: 960px) 100vw, 960px\" \/>\t\t\t\t\t\t\t\t\t\t\t\t\t\t\t<\/div>\n\t\t\t\t<\/div>\n\t\t\t\t<div class=\"elementor-element elementor-element-c7d50b6 elementor-widget elementor-widget-text-editor\" data-id=\"c7d50b6\" data-element_type=\"widget\" data-widget_type=\"text-editor.default\">\n\t\t\t\t<div class=\"elementor-widget-container\">\n\t\t\t\t\t\t\t\t\t<p>A first sketch at \"Kottehusen\" (2020).<\/p>\t\t\t\t\t\t\t\t<\/div>\n\t\t\t\t<\/div>\n\t\t\t\t\t<\/div>\n\t\t<\/div>\n\t\t\t\t\t<\/div>\n\t\t<\/section>\n\t\t\t\t\t<\/div>\n\t\t<\/div>\n\t\t\t\t\t<\/div>\n\t\t<\/section>\n\t\t\t\t<section class=\"elementor-section elementor-top-section elementor-element elementor-element-3d84fa1 elementor-section-boxed elementor-section-height-default elementor-section-height-default\" data-id=\"3d84fa1\" data-element_type=\"section\">\n\t\t\t\t\t\t<div class=\"elementor-container elementor-column-gap-default\">\n\t\t\t\t\t<div class=\"elementor-column elementor-col-50 elementor-top-column elementor-element elementor-element-f90bc6e\" data-id=\"f90bc6e\" data-element_type=\"column\">\n\t\t\t<div class=\"elementor-widget-wrap elementor-element-populated\">\n\t\t\t\t\t\t<div class=\"elementor-element elementor-element-dd79703 elementor-widget elementor-widget-image\" data-id=\"dd79703\" data-element_type=\"widget\" data-widget_type=\"image.default\">\n\t\t\t\t<div class=\"elementor-widget-container\">\n\t\t\t\t\t\t\t\t\t\t\t\t\t\t\t<img decoding=\"async\" width=\"1024\" height=\"1024\" src=\"https:\/\/kottehusen.se\/wp-content\/uploads\/2023\/01\/kotte_inne_3-1024x1024-1.png\" class=\"attachment-large size-large wp-image-445\" alt=\"\" srcset=\"https:\/\/kottehusen.se\/wp-content\/uploads\/2023\/01\/kotte_inne_3-1024x1024-1.png 1024w, https:\/\/kottehusen.se\/wp-content\/uploads\/2023\/01\/kotte_inne_3-1024x1024-1-300x300.png 300w, https:\/\/kottehusen.se\/wp-content\/uploads\/2023\/01\/kotte_inne_3-1024x1024-1-150x150.png 150w, https:\/\/kottehusen.se\/wp-content\/uploads\/2023\/01\/kotte_inne_3-1024x1024-1-768x768.png 768w\" sizes=\"(max-width: 1024px) 100vw, 1024px\" \/>\t\t\t\t\t\t\t\t\t\t\t\t\t\t\t<\/div>\n\t\t\t\t<\/div>\n\t\t\t\t\t<\/div>\n\t\t<\/div>\n\t\t\t\t<div class=\"elementor-column elementor-col-50 elementor-top-column elementor-element elementor-element-23cddc0\" data-id=\"23cddc0\" data-element_type=\"column\">\n\t\t\t<div class=\"elementor-widget-wrap elementor-element-populated\">\n\t\t\t\t\t\t<div class=\"elementor-element elementor-element-7857e50 elementor-widget elementor-widget-image\" data-id=\"7857e50\" data-element_type=\"widget\" data-widget_type=\"image.default\">\n\t\t\t\t<div class=\"elementor-widget-container\">\n\t\t\t\t\t\t\t\t\t\t\t\t\t\t\t<img decoding=\"async\" width=\"1024\" height=\"1024\" src=\"https:\/\/kottehusen.se\/wp-content\/uploads\/2023\/01\/kotte_inne-1024x1024-2.png\" class=\"attachment-large size-large wp-image-518\" alt=\"\" srcset=\"https:\/\/kottehusen.se\/wp-content\/uploads\/2023\/01\/kotte_inne-1024x1024-2.png 1024w, https:\/\/kottehusen.se\/wp-content\/uploads\/2023\/01\/kotte_inne-1024x1024-2-300x300.png 300w, https:\/\/kottehusen.se\/wp-content\/uploads\/2023\/01\/kotte_inne-1024x1024-2-150x150.png 150w, https:\/\/kottehusen.se\/wp-content\/uploads\/2023\/01\/kotte_inne-1024x1024-2-768x768.png 768w\" sizes=\"(max-width: 1024px) 100vw, 1024px\" \/>\t\t\t\t\t\t\t\t\t\t\t\t\t\t\t<\/div>\n\t\t\t\t<\/div>\n\t\t\t\t\t<\/div>\n\t\t<\/div>\n\t\t\t\t\t<\/div>\n\t\t<\/section>\n\t\t\t\t<section class=\"elementor-section elementor-top-section elementor-element elementor-element-e3fc21d elementor-section-boxed elementor-section-height-default elementor-section-height-default\" data-id=\"e3fc21d\" data-element_type=\"section\">\n\t\t\t\t\t\t<div class=\"elementor-container elementor-column-gap-default\">\n\t\t\t\t\t<div class=\"elementor-column elementor-col-100 elementor-top-column elementor-element elementor-element-b132a4e\" data-id=\"b132a4e\" data-element_type=\"column\">\n\t\t\t<div class=\"elementor-widget-wrap elementor-element-populated\">\n\t\t\t\t\t\t<div class=\"elementor-element elementor-element-7682a1f2 elementor-widget elementor-widget-text-editor\" data-id=\"7682a1f2\" data-element_type=\"widget\" data-widget_type=\"text-editor.default\">\n\t\t\t\t<div class=\"elementor-widget-container\">\n\t\t\t\t\t\t\t\t\t<p class=\"p1\">The idea of \u200b\u200bbeing able to offer some form of accommodation at S\u00f6derpiren in Halmstad has existed for a long time.<br \/>By the end of 2020 we found a shape that we thought would blend in well in the reeds of the beach and the idea of \"Kottehusen\" at S\u00f6der was born.<br \/>In 2022 it was finally time to make reality of the idea and by summer all five \"Kottehus\" stood ready. Each \"Kottehus\" is approximately 10 square meters (107 square feet) and is built on trailers to be able to be easily moved during winter.<\/p><p>If you are going on a weekend in Sweden, a summer holiday with children or looking for accommodation during activities in Halmstad, Kottehusen is a good fit for those who want to be close to the beach, sea and city.\u00a0<\/p><p>Husdjur \u00e4r v\u00e4lkomna med i kottehus 1. Detta m\u00e5ste g\u00f6ras som till\u00e4gg vid bokningen. L\u00e4s mer under <a href=\"https:\/\/kottehusen.se\/en\/villkor-och-regler\/\">villkor och regler<\/a>.\u00a0<\/p>\t\t\t\t\t\t\t\t<\/div>\n\t\t\t\t<\/div>\n\t\t\t\t\t<\/div>\n\t\t<\/div>\n\t\t\t\t\t<\/div>\n\t\t<\/section>\n\t\t\t\t<section class=\"elementor-section elementor-top-section elementor-element elementor-element-dbeac1a elementor-section-boxed elementor-section-height-default elementor-section-height-default\" data-id=\"dbeac1a\" data-element_type=\"section\">\n\t\t\t\t\t\t<div class=\"elementor-container elementor-column-gap-default\">\n\t\t\t\t\t<div class=\"elementor-column elementor-col-100 elementor-top-column elementor-element elementor-element-ac1e9bf\" data-id=\"ac1e9bf\" data-element_type=\"column\">\n\t\t\t<div class=\"elementor-widget-wrap elementor-element-populated\">\n\t\t\t\t\t\t<div class=\"elementor-element elementor-element-cb50c4c elementor-widget elementor-widget-image\" data-id=\"cb50c4c\" data-element_type=\"widget\" data-widget_type=\"image.default\">\n\t\t\t\t<div class=\"elementor-widget-container\">\n\t\t\t\t\t\t\t\t\t\t\t\t\t\t\t<img loading=\"lazy\" decoding=\"async\" width=\"768\" height=\"768\" src=\"https:\/\/kottehusen.se\/wp-content\/uploads\/2024\/01\/kottehus-bild--768x768.jpg\" class=\"attachment-medium_large size-medium_large wp-image-1300\" alt=\"\" srcset=\"https:\/\/kottehusen.se\/wp-content\/uploads\/2024\/01\/kottehus-bild--768x768.jpg 768w, https:\/\/kottehusen.se\/wp-content\/uploads\/2024\/01\/kottehus-bild--300x300.jpg 300w, https:\/\/kottehusen.se\/wp-content\/uploads\/2024\/01\/kottehus-bild--1024x1024.jpg 1024w, https:\/\/kottehusen.se\/wp-content\/uploads\/2024\/01\/kottehus-bild--150x150.jpg 150w, https:\/\/kottehusen.se\/wp-content\/uploads\/2024\/01\/kottehus-bild--12x12.jpg 12w, https:\/\/kottehusen.se\/wp-content\/uploads\/2024\/01\/kottehus-bild-.jpg 1080w\" sizes=\"(max-width: 768px) 100vw, 768px\" \/>\t\t\t\t\t\t\t\t\t\t\t\t\t\t\t<\/div>\n\t\t\t\t<\/div>\n\t\t\t\t\t<\/div>\n\t\t<\/div>\n\t\t\t\t\t<\/div>\n\t\t<\/section>\n\t\t\t\t<\/div>","protected":false},"excerpt":{"rendered":"<p>Kottehusen p\u00e5 S\u00f6der V\u00e4stra stranden, Halmstads city-strand Boka ditt kottehus h\u00e4r I varje kottehus finns * En dubbels\u00e4ng 180\u00d7200 cm* F\u00f6rvaringsl\u00e5da* Kylsk\u00e5p* F\u00e5t\u00f6ljer som kan anv\u00e4ndas ute och inne* Litet bord* Eluttag f\u00f6r laddning av mobil etc.* Vattenkokare* Te\/presskaffe* Liten fl\u00e4kt* Spegel* Brandsl\u00e4ckare* Koppar, vin- &amp; champagneglas Alla har ocks\u00e5 s\u00e5klart en egen altan med &#8230; <a title=\"Kottehusen\" class=\"read-more\" href=\"https:\/\/kottehusen.se\/en\/kottehusen\/\" aria-label=\"Read more about Kottehusen\">L\u00e4s mer<\/a><\/p>","protected":false},"author":1,"featured_media":0,"parent":0,"menu_order":0,"comment_status":"closed","ping_status":"closed","template":"elementor_header_footer","meta":{"footnotes":""},"class_list":["post-30","page","type-page","status-publish"],"_links":{"self":[{"href":"https:\/\/kottehusen.se\/en\/wp-json\/wp\/v2\/pages\/30","targetHints":{"allow":["GET"]}}],"collection":[{"href":"https:\/\/kottehusen.se\/en\/wp-json\/wp\/v2\/pages"}],"about":[{"href":"https:\/\/kottehusen.se\/en\/wp-json\/wp\/v2\/types\/page"}],"author":[{"embeddable":true,"href":"https:\/\/kottehusen.se\/en\/wp-json\/wp\/v2\/users\/1"}],"replies":[{"embeddable":true,"href":"https:\/\/kottehusen.se\/en\/wp-json\/wp\/v2\/comments?post=30"}],"version-history":[{"count":75,"href":"https:\/\/kottehusen.se\/en\/wp-json\/wp\/v2\/pages\/30\/revisions"}],"predecessor-version":[{"id":1419,"href":"https:\/\/kottehusen.se\/en\/wp-json\/wp\/v2\/pages\/30\/revisions\/1419"}],"wp:attachment":[{"href":"https:\/\/kottehusen.se\/en\/wp-json\/wp\/v2\/media?parent=30"}],"curies":[{"name":"wp","href":"https:\/\/api.w.org\/{rel}","templated":true}]}}