{"id":32,"date":"2022-11-09T09:16:32","date_gmt":"2022-11-09T08:16:32","guid":{"rendered":"https:\/\/kottehusen.se\/?page_id=32"},"modified":"2025-06-09T09:33:15","modified_gmt":"2025-06-09T07:33:15","slug":"att-gora","status":"publish","type":"page","link":"https:\/\/kottehusen.se\/en\/att-gora\/","title":{"rendered":"To do"},"content":{"rendered":"<div data-elementor-type=\"wp-page\" data-elementor-id=\"32\" class=\"elementor elementor-32\" data-elementor-post-type=\"page\">\n\t\t\t\t\t\t<section class=\"elementor-section elementor-top-section elementor-element elementor-element-2b58174 elementor-section-full_width elementor-section-height-min-height elementor-section-height-default elementor-section-items-middle\" data-id=\"2b58174\" data-element_type=\"section\" data-settings=\"{&quot;background_background&quot;:&quot;classic&quot;}\">\n\t\t\t\t\t\t\t<div class=\"elementor-background-overlay\"><\/div>\n\t\t\t\t\t\t\t<div class=\"elementor-container elementor-column-gap-default\">\n\t\t\t\t\t<div class=\"elementor-column elementor-col-100 elementor-top-column elementor-element elementor-element-8d48908\" data-id=\"8d48908\" data-element_type=\"column\">\n\t\t\t<div class=\"elementor-widget-wrap elementor-element-populated\">\n\t\t\t\t\t\t<div class=\"elementor-element elementor-element-7795c58 elementor-widget elementor-widget-spacer\" data-id=\"7795c58\" data-element_type=\"widget\" data-widget_type=\"spacer.default\">\n\t\t\t\t<div class=\"elementor-widget-container\">\n\t\t\t\t\t\t\t<div class=\"elementor-spacer\">\n\t\t\t<div class=\"elementor-spacer-inner\"><\/div>\n\t\t<\/div>\n\t\t\t\t\t\t<\/div>\n\t\t\t\t<\/div>\n\t\t\t\t<div class=\"elementor-element elementor-element-a70bea0 elementor-widget elementor-widget-heading\" data-id=\"a70bea0\" data-element_type=\"widget\" data-widget_type=\"heading.default\">\n\t\t\t\t<div class=\"elementor-widget-container\">\n\t\t\t\t\t<h1 class=\"elementor-heading-title elementor-size-default\">Discover our beautiful Halmstad City<\/h1>\t\t\t\t<\/div>\n\t\t\t\t<\/div>\n\t\t\t\t<section class=\"elementor-section elementor-inner-section elementor-element elementor-element-ae783eb elementor-section-boxed elementor-section-height-default elementor-section-height-default\" data-id=\"ae783eb\" data-element_type=\"section\">\n\t\t\t\t\t\t<div class=\"elementor-container elementor-column-gap-default\">\n\t\t\t\t\t<div class=\"elementor-column elementor-col-100 elementor-inner-column elementor-element elementor-element-4529a57\" data-id=\"4529a57\" data-element_type=\"column\">\n\t\t\t<div class=\"elementor-widget-wrap elementor-element-populated\">\n\t\t\t\t\t\t<div class=\"elementor-element elementor-element-560936f elementor-widget elementor-widget-heading\" data-id=\"560936f\" data-element_type=\"widget\" data-widget_type=\"heading.default\">\n\t\t\t\t<div class=\"elementor-widget-container\">\n\t\t\t\t\t<h3 class=\"elementor-heading-title elementor-size-default\">Halmstad City <\/h3>\t\t\t\t<\/div>\n\t\t\t\t<\/div>\n\t\t\t\t<div class=\"elementor-element elementor-element-96737a6 elementor-icon-list--layout-inline elementor-align-center elementor-list-item-link-full_width elementor-widget elementor-widget-icon-list\" data-id=\"96737a6\" data-element_type=\"widget\" data-widget_type=\"icon-list.default\">\n\t\t\t\t<div class=\"elementor-widget-container\">\n\t\t\t\t\t\t\t<ul class=\"elementor-icon-list-items elementor-inline-items\">\n\t\t\t\t\t\t\t<li class=\"elementor-icon-list-item elementor-inline-item\">\n\t\t\t\t\t\t\t\t\t\t\t<span class=\"elementor-icon-list-icon\">\n\t\t\t\t\t\t\t<i aria-hidden=\"true\" class=\"fas fa-walking\"><\/i>\t\t\t\t\t\t<\/span>\n\t\t\t\t\t\t\t\t\t\t<span class=\"elementor-icon-list-text\">20 min<\/span>\n\t\t\t\t\t\t\t\t\t<\/li>\n\t\t\t\t\t\t\t\t<li class=\"elementor-icon-list-item elementor-inline-item\">\n\t\t\t\t\t\t\t\t\t\t\t<span class=\"elementor-icon-list-icon\">\n\t\t\t\t\t\t\t<i aria-hidden=\"true\" class=\"fas fa-bicycle\"><\/i>\t\t\t\t\t\t<\/span>\n\t\t\t\t\t\t\t\t\t\t<span class=\"elementor-icon-list-text\">7 min<\/span>\n\t\t\t\t\t\t\t\t\t<\/li>\n\t\t\t\t\t\t\t\t<li class=\"elementor-icon-list-item elementor-inline-item\">\n\t\t\t\t\t\t\t\t\t\t\t<span class=\"elementor-icon-list-icon\">\n\t\t\t\t\t\t\t<i aria-hidden=\"true\" class=\"fas fa-bus\"><\/i>\t\t\t\t\t\t<\/span>\n\t\t\t\t\t\t\t\t\t\t<span class=\"elementor-icon-list-text\">12 min<\/span>\n\t\t\t\t\t\t\t\t\t<\/li>\n\t\t\t\t\t\t<\/ul>\n\t\t\t\t\t\t<\/div>\n\t\t\t\t<\/div>\n\t\t\t\t\t<\/div>\n\t\t<\/div>\n\t\t\t\t\t<\/div>\n\t\t<\/section>\n\t\t\t\t\t<\/div>\n\t\t<\/div>\n\t\t\t\t\t<\/div>\n\t\t<\/section>\n\t\t\t\t<section class=\"elementor-section elementor-top-section elementor-element elementor-element-5698e51 elementor-section-boxed elementor-section-height-default elementor-section-height-default\" data-id=\"5698e51\" data-element_type=\"section\">\n\t\t\t\t\t\t<div class=\"elementor-container elementor-column-gap-default\">\n\t\t\t\t\t<div class=\"elementor-column elementor-col-100 elementor-top-column elementor-element elementor-element-48d8ac1c\" data-id=\"48d8ac1c\" data-element_type=\"column\">\n\t\t\t<div class=\"elementor-widget-wrap elementor-element-populated\">\n\t\t\t\t\t\t<div class=\"elementor-element elementor-element-79e862b elementor-skin-slideshow elementor-arrows-yes elementor-widget elementor-widget-media-carousel\" data-id=\"79e862b\" data-element_type=\"widget\" data-settings=\"{&quot;skin&quot;:&quot;slideshow&quot;,&quot;slideshow_slides_per_view&quot;:&quot;3&quot;,&quot;autoplay_speed&quot;:7500,&quot;space_between&quot;:{&quot;unit&quot;:&quot;px&quot;,&quot;size&quot;:20,&quot;sizes&quot;:[]},&quot;effect&quot;:&quot;slide&quot;,&quot;show_arrows&quot;:&quot;yes&quot;,&quot;speed&quot;:500,&quot;autoplay&quot;:&quot;yes&quot;,&quot;loop&quot;:&quot;yes&quot;,&quot;pause_on_hover&quot;:&quot;yes&quot;,&quot;pause_on_interaction&quot;:&quot;yes&quot;,&quot;space_between_tablet&quot;:{&quot;unit&quot;:&quot;px&quot;,&quot;size&quot;:10,&quot;sizes&quot;:[]},&quot;space_between_mobile&quot;:{&quot;unit&quot;:&quot;px&quot;,&quot;size&quot;:10,&quot;sizes&quot;:[]}}\" data-widget_type=\"media-carousel.default\">\n\t\t\t\t<div class=\"elementor-widget-container\">\n\t\t\t\t\t\t\t\t\t<div class=\"elementor-swiper\">\n\t\t\t\t\t<div class=\"elementor-main-swiper swiper\" role=\"region\" aria-roledescription=\"carousel\" aria-label=\"Bildspel\">\n\t\t\t\t<div class=\"swiper-wrapper\">\n\t\t\t\t\t\t\t\t\t\t\t<div class=\"swiper-slide\" role=\"group\" aria-roledescription=\"slide\">\n\t\t\t\t\t\t\t\t\t<div class=\"elementor-carousel-image\" role=\"img\" aria-label=\"IMG_1304-scaled\" style=\"background-image: url(&#039;https:\/\/kottehusen.se\/wp-content\/uploads\/2023\/01\/IMG_1304-scaled-1.jpg&#039;)\">\n\n\t\t\t\n\t\t\t\t\t<\/div>\n\t\t\t\t\t\t\t\t<\/div>\n\t\t\t\t\t\t\t\t\t\t\t<div class=\"swiper-slide\" role=\"group\" aria-roledescription=\"slide\">\n\t\t\t\t\t\t\t\t\t<div class=\"elementor-carousel-image\" role=\"img\" aria-label=\"lillebror1920x1080\" style=\"background-image: url(&#039;https:\/\/kottehusen.se\/wp-content\/uploads\/2023\/01\/lillebror1920x1080.png&#039;)\">\n\n\t\t\t\n\t\t\t\t\t<\/div>\n\t\t\t\t\t\t\t\t<\/div>\n\t\t\t\t\t\t\t\t\t\t\t<div class=\"swiper-slide\" role=\"group\" aria-roledescription=\"slide\">\n\t\t\t\t\t\t\t\t\t<div class=\"elementor-carousel-image\" role=\"img\" aria-label=\"Ska\u0308rmavbild-2022-05-11-kl.-20.44.00\" style=\"background-image: url(&#039;https:\/\/kottehusen.se\/wp-content\/uploads\/2023\/01\/Skarmavbild-2022-05-11-kl.-20.44.00.png&#039;)\">\n\n\t\t\t\n\t\t\t\t\t<\/div>\n\t\t\t\t\t\t\t\t<\/div>\n\t\t\t\t\t\t\t\t\t\t\t<div class=\"swiper-slide\" role=\"group\" aria-roledescription=\"slide\">\n\t\t\t\t\t\t\t\t\t<div class=\"elementor-carousel-image\" role=\"img\" aria-label=\"sup-1920x1080-1\" style=\"background-image: url(&#039;https:\/\/kottehusen.se\/wp-content\/uploads\/2023\/01\/sup-1920x1080-1.png&#039;)\">\n\n\t\t\t\n\t\t\t\t\t<\/div>\n\t\t\t\t\t\t\t\t<\/div>\n\t\t\t\t\t\t\t\t\t<\/div>\n\t\t\t\t\t\t\t\t\t\t\t\t\t\t\t<div class=\"elementor-swiper-button elementor-swiper-button-prev\" role=\"button\" tabindex=\"0\" aria-label=\"Previous\">\n\t\t\t\t\t\t\t<i aria-hidden=\"true\" class=\"eicon-chevron-left\"><\/i>\t\t\t\t\t\t<\/div>\n\t\t\t\t\t\t<div class=\"elementor-swiper-button elementor-swiper-button-next\" role=\"button\" tabindex=\"0\" aria-label=\"Next\">\n\t\t\t\t\t\t\t<i aria-hidden=\"true\" class=\"eicon-chevron-right\"><\/i>\t\t\t\t\t\t<\/div>\n\t\t\t\t\t\t\t\t\t\t\t\t\t\t\t\t\t<\/div>\n\t\t\t\t<\/div>\n\t\t\t\t\t\t\t\t<div class=\"elementor-swiper\">\n\t\t\t\t\t<div class=\"elementor-main-swiper swiper elementor-thumbnails-swiper swiper\" role=\"region region\" aria-roledescription=\"carousel carousel\" aria-label=\"Bildspel Bildspel\">\n\t\t\t\t<div class=\"swiper-wrapper\">\n\t\t\t\t\t\t\t\t\t\t\t<div class=\"swiper-slide\" role=\"group\" aria-roledescription=\"slide\">\n\t\t\t\t\t\t\t\t\t<div class=\"elementor-carousel-image\" role=\"img\" aria-label=\"IMG_1304-scaled\" style=\"background-image: url(&#039;https:\/\/kottehusen.se\/wp-content\/uploads\/2023\/01\/IMG_1304-scaled-1.jpg&#039;)\">\n\n\t\t\t\n\t\t\t\t\t<\/div>\n\t\t\t\t\t\t\t\t<\/div>\n\t\t\t\t\t\t\t\t\t\t\t<div class=\"swiper-slide\" role=\"group\" aria-roledescription=\"slide\">\n\t\t\t\t\t\t\t\t\t<div class=\"elementor-carousel-image\" role=\"img\" aria-label=\"lillebror1920x1080\" style=\"background-image: url(&#039;https:\/\/kottehusen.se\/wp-content\/uploads\/2023\/01\/lillebror1920x1080.png&#039;)\">\n\n\t\t\t\n\t\t\t\t\t<\/div>\n\t\t\t\t\t\t\t\t<\/div>\n\t\t\t\t\t\t\t\t\t\t\t<div class=\"swiper-slide\" role=\"group\" aria-roledescription=\"slide\">\n\t\t\t\t\t\t\t\t\t<div class=\"elementor-carousel-image\" role=\"img\" aria-label=\"Ska\u0308rmavbild-2022-05-11-kl.-20.44.00\" style=\"background-image: url(&#039;https:\/\/kottehusen.se\/wp-content\/uploads\/2023\/01\/Skarmavbild-2022-05-11-kl.-20.44.00.png&#039;)\">\n\n\t\t\t\n\t\t\t\t\t<\/div>\n\t\t\t\t\t\t\t\t<\/div>\n\t\t\t\t\t\t\t\t\t\t\t<div class=\"swiper-slide\" role=\"group\" aria-roledescription=\"slide\">\n\t\t\t\t\t\t\t\t\t<div class=\"elementor-carousel-image\" role=\"img\" aria-label=\"sup-1920x1080-1\" style=\"background-image: url(&#039;https:\/\/kottehusen.se\/wp-content\/uploads\/2023\/01\/sup-1920x1080-1.png&#039;)\">\n\n\t\t\t\n\t\t\t\t\t<\/div>\n\t\t\t\t\t\t\t\t<\/div>\n\t\t\t\t\t\t\t\t\t<\/div>\n\t\t\t\t\t\t\t\t\t\t\t\t\t\t\t\t\t\t\t\t\t<\/div>\n\t\t\t\t<\/div>\n\t\t\t\t\t\t\t\t<\/div>\n\t\t\t\t<\/div>\n\t\t\t\t\t<\/div>\n\t\t<\/div>\n\t\t\t\t\t<\/div>\n\t\t<\/section>\n\t\t\t\t<section class=\"elementor-section elementor-top-section elementor-element elementor-element-119a207 elementor-section-boxed elementor-section-height-default elementor-section-height-default\" data-id=\"119a207\" data-element_type=\"section\">\n\t\t\t\t\t\t<div class=\"elementor-container elementor-column-gap-default\">\n\t\t\t\t\t<div class=\"elementor-column elementor-col-100 elementor-top-column elementor-element elementor-element-7f12ad7\" data-id=\"7f12ad7\" data-element_type=\"column\">\n\t\t\t<div class=\"elementor-widget-wrap elementor-element-populated\">\n\t\t\t\t\t\t<div class=\"elementor-element elementor-element-04de1f5 elementor-widget elementor-widget-text-editor\" data-id=\"04de1f5\" data-element_type=\"widget\" data-widget_type=\"text-editor.default\">\n\t\t\t\t<div class=\"elementor-widget-container\">\n\t\t\t\t\t\t\t\t\t<p>Located just a few steps from<strong> Kottehusen<\/strong> you\u2019ll find our beautiful caf\u00e9\u00a0<strong>S\u00f6derpiren\u00a0<\/strong>which is open every day and<br \/>serves light lunches, coffee, tea, ice cream and other hot and cold beverages. A perfect place for a Swedish fika.<br \/>S\u00f6derpiren is available to be rented as a party venue, book a hot tub or SUPs. For more more information visit <a href=\"http:\/\/www.soderpiren.se\">www.soderpiren.se<\/a><\/p><p><strong>New!<\/strong> Play a game of Padel on our neighbor S\u00f6derpirens new outdoor court.<br \/>Book it on <a href=\"http:\/\/www.matchi.se\">Matchi.se<\/a><\/p><p>During the summer, when the weather allows, our neighbor <b>Lillebror<\/b> serves delicious food and drinks in a lovely<br \/>atmosphere right by the beach.<br \/>The hour of service varies but usually 12 pm to late every day of the week. For daily updated information about opening hours, you can check their social media Instagram or Facebook. <a href=\"https:\/\/instagram.com\/lillebrorhalmstad?igshid=YmMyMTA2M2Y=\">@lillebrorhalmstad<\/a>\u00a0<\/p><p>As a guest of Kottehusen you\u2019ll have a <strong>10% discount<\/strong> p\u00e5 hela caf\u00e9sortimentet &amp; all mat p\u00e5 Lillebror. Viktigt! Visa upp nyckeln innan betalning f\u00f6r att erh\u00e5lla rabatten.\u00a0<\/p><p><strong>Public transport<\/strong><br \/>The nearest bus stop is \u201cHalmstad Sm\u00e5b\u00e5tsgatan S\u00f6der\u201d, bus number 12 with <a href=\"http:\/\/www.hallandstrafiken.se\/\" target=\"_blank\" rel=\"noopener\">Hallandstrafiken<\/a><\/p>\t\t\t\t\t\t\t\t<\/div>\n\t\t\t\t<\/div>\n\t\t\t\t\t<\/div>\n\t\t<\/div>\n\t\t\t\t\t<\/div>\n\t\t<\/section>\n\t\t\t\t<section class=\"elementor-section elementor-top-section elementor-element elementor-element-24cd026 elementor-section-boxed elementor-section-height-default elementor-section-height-default\" data-id=\"24cd026\" data-element_type=\"section\">\n\t\t\t\t\t\t<div class=\"elementor-container elementor-column-gap-default\">\n\t\t\t\t\t<div class=\"elementor-column elementor-col-100 elementor-top-column elementor-element elementor-element-67faa28\" data-id=\"67faa28\" data-element_type=\"column\" data-settings=\"{&quot;background_background&quot;:&quot;classic&quot;}\">\n\t\t\t<div class=\"elementor-widget-wrap elementor-element-populated\">\n\t\t\t\t\t\t<section class=\"elementor-section elementor-inner-section elementor-element elementor-element-c3d914f elementor-section-boxed elementor-section-height-default elementor-section-height-default\" data-id=\"c3d914f\" data-element_type=\"section\">\n\t\t\t\t\t\t<div class=\"elementor-container elementor-column-gap-default\">\n\t\t\t\t\t<div class=\"elementor-column elementor-col-66 elementor-inner-column elementor-element elementor-element-e7cf804\" data-id=\"e7cf804\" data-element_type=\"column\">\n\t\t\t<div class=\"elementor-widget-wrap elementor-element-populated\">\n\t\t\t\t\t\t<div class=\"elementor-element elementor-element-d9e03f3 elementor-widget elementor-widget-heading\" data-id=\"d9e03f3\" data-element_type=\"widget\" data-widget_type=\"heading.default\">\n\t\t\t\t<div class=\"elementor-widget-container\">\n\t\t\t\t\t<h4 class=\"elementor-heading-title elementor-size-default\">Discover Halmstad's beautiful coastline!<\/h4>\t\t\t\t<\/div>\n\t\t\t\t<\/div>\n\t\t\t\t<div class=\"elementor-element elementor-element-72239e2 elementor-widget elementor-widget-text-editor\" data-id=\"72239e2\" data-element_type=\"widget\" data-widget_type=\"text-editor.default\">\n\t\t\t\t<div class=\"elementor-widget-container\">\n\t\t\t\t\t\t\t\t\t<p>Walk or ride a bike along Prins Bertil's trail towards Tyl\u00f6sand and M\u00f6lleg\u00e5rd.<br \/>Our tips for cozy stops along the way:<\/p><ul><li>Aleskogen, which is one of Sweden's richest places for birds.<\/li><li>Jansa brygga is a long pier out into the sea that is today used as a bathing jetty.<\/li><li>Gr\u00f6tvik's marina is located in an old quarry. There is a guest port,<br \/>parking for campervans, a summer restaurant &amp; nice walking paths up the rocks<br \/>where you have a beautiful view towards Hallands\u00e5sen with B\u00e5stad, Torekov and Hallands V\u00e4der\u00f6.<\/li><li>Halmstad Wakepark is located at the Kolbrottet in Gr\u00f6tvik. There you can go wakeboarding,<br \/>try wakeskating, challenge your balance on a slackline or rent a SUP.<\/li><li>Tjuvah\u00e5lan got its name from the fact that the bay was used as a landing place for<br \/>smugglers at the end of the 18th century. Today it is a bathing area with a jetty which is very<br \/>popul\u00e4r f\u00f6r unga krabbfiskare.<\/li><li>Zigges beach club is a lovely bar\/restaurant in Tyl\u00f6sand with a sea view. @ziggesbeachclub<\/li><\/ul>\t\t\t\t\t\t\t\t<\/div>\n\t\t\t\t<\/div>\n\t\t\t\t\t<\/div>\n\t\t<\/div>\n\t\t\t\t<div class=\"elementor-column elementor-col-33 elementor-inner-column elementor-element elementor-element-519c0e8 elementor-hidden-tablet elementor-hidden-mobile\" data-id=\"519c0e8\" data-element_type=\"column\">\n\t\t\t<div class=\"elementor-widget-wrap elementor-element-populated\">\n\t\t\t\t\t\t<div class=\"elementor-element elementor-element-61b77f3 elementor-widget elementor-widget-image\" data-id=\"61b77f3\" data-element_type=\"widget\" data-widget_type=\"image.default\">\n\t\t\t\t<div class=\"elementor-widget-container\">\n\t\t\t\t\t\t\t\t\t\t\t\t\t\t\t<img fetchpriority=\"high\" decoding=\"async\" width=\"300\" height=\"233\" src=\"https:\/\/kottehusen.se\/wp-content\/uploads\/2023\/01\/kottelogo.png\" class=\"attachment-large size-large wp-image-635\" alt=\"\" \/>\t\t\t\t\t\t\t\t\t\t\t\t\t\t\t<\/div>\n\t\t\t\t<\/div>\n\t\t\t\t\t<\/div>\n\t\t<\/div>\n\t\t\t\t\t<\/div>\n\t\t<\/section>\n\t\t\t\t\t<\/div>\n\t\t<\/div>\n\t\t\t\t\t<\/div>\n\t\t<\/section>\n\t\t\t\t<\/div>","protected":false},"excerpt":{"rendered":"<p>Uppt\u00e4ck v\u00e5rt vackra Halmstad Halmstad City 20 min 7 min 12 min Ett stenkast fr\u00e5n Kottehusen ligger det popul\u00e4ra caf\u00e9et\u00a0S\u00f6derpiren\u00a0som har \u00f6ppet alla dagar ochserverar l\u00e4ttare lunchr\u00e4tter, fika, glass, kaffe och andra varma &amp; kalla drycker. D\u00e4r kan man\u00e4ven hyra festlokal, badtunna &amp; SUP. Mer info p\u00e5 www.soderpiren.se Nyhet! Spela en match p\u00e5 S\u00f6derpirens nya &#8230; <a title=\"To do\" class=\"read-more\" href=\"https:\/\/kottehusen.se\/en\/att-gora\/\" aria-label=\"Read more about Att g\u00f6ra\">L\u00e4s mer<\/a><\/p>","protected":false},"author":1,"featured_media":0,"parent":0,"menu_order":0,"comment_status":"closed","ping_status":"closed","template":"elementor_header_footer","meta":{"footnotes":""},"class_list":["post-32","page","type-page","status-publish"],"_links":{"self":[{"href":"https:\/\/kottehusen.se\/en\/wp-json\/wp\/v2\/pages\/32","targetHints":{"allow":["GET"]}}],"collection":[{"href":"https:\/\/kottehusen.se\/en\/wp-json\/wp\/v2\/pages"}],"about":[{"href":"https:\/\/kottehusen.se\/en\/wp-json\/wp\/v2\/types\/page"}],"author":[{"embeddable":true,"href":"https:\/\/kottehusen.se\/en\/wp-json\/wp\/v2\/users\/1"}],"replies":[{"embeddable":true,"href":"https:\/\/kottehusen.se\/en\/wp-json\/wp\/v2\/comments?post=32"}],"version-history":[{"count":92,"href":"https:\/\/kottehusen.se\/en\/wp-json\/wp\/v2\/pages\/32\/revisions"}],"predecessor-version":[{"id":1386,"href":"https:\/\/kottehusen.se\/en\/wp-json\/wp\/v2\/pages\/32\/revisions\/1386"}],"wp:attachment":[{"href":"https:\/\/kottehusen.se\/en\/wp-json\/wp\/v2\/media?parent=32"}],"curies":[{"name":"wp","href":"https:\/\/api.w.org\/{rel}","templated":true}]}}