{"id":614,"date":"2023-01-26T14:17:22","date_gmt":"2023-01-26T13:17:22","guid":{"rendered":"https:\/\/kottehusen.se\/?page_id=614"},"modified":"2026-04-06T10:36:21","modified_gmt":"2026-04-06T08:36:21","slug":"villkor-och-regler","status":"publish","type":"page","link":"https:\/\/kottehusen.se\/en\/villkor-och-regler\/","title":{"rendered":"Terms and Conditions"},"content":{"rendered":"<div data-elementor-type=\"wp-page\" data-elementor-id=\"614\" class=\"elementor elementor-614\" data-elementor-post-type=\"page\">\n\t\t\t\t\t\t<section class=\"elementor-section elementor-top-section elementor-element elementor-element-6525334 elementor-section-boxed elementor-section-height-default elementor-section-height-default\" data-id=\"6525334\" data-element_type=\"section\">\n\t\t\t\t\t\t<div class=\"elementor-container elementor-column-gap-default\">\n\t\t\t\t\t<div class=\"elementor-column elementor-col-100 elementor-top-column elementor-element elementor-element-5f81e13\" data-id=\"5f81e13\" data-element_type=\"column\">\n\t\t\t<div class=\"elementor-widget-wrap elementor-element-populated\">\n\t\t\t\t\t\t<div class=\"elementor-element elementor-element-e29f22e elementor-widget elementor-widget-text-editor\" data-id=\"e29f22e\" data-element_type=\"widget\" data-widget_type=\"text-editor.default\">\n\t\t\t\t<div class=\"elementor-widget-container\">\n\t\t\t\t\t\t\t\t\t<h4>Terms and conditions<\/h4><ul><li>Cancellation and rebooking conditions. Free cancellation and rebooking is offered up to 7 days before arrival.<\/li><li>In case of cancellation or rebooking later than 7 days before arrival, 100% of the total amount of the stay will be charged.<\/li><li>Minimi\u00e5ldern\u00a0f\u00f6r att boka kottehusen \u00e4r 21 \u00e5r.<\/li><li>Boende och vistelse\u00a0i kottehusen sker p\u00e5 egen risk.<\/li><li>Incheckning 15.00 &amp;\u00a0utcheckning 10.30 inne p\u00e5 S\u00f6derpirens caf\u00e9<\/li><li>Vi erh\u00e5ller oss r\u00e4tten att avboka\u00a0kommande \u00f6vernattning om kottehusen av n\u00e5gon anledning blir obeboeliga pga extrema v\u00e4der, f\u00f6rst\u00f6relse m.m. G\u00e4sten har\u00a0d\u00e5 r\u00e4tt till 100% \u00e5terbetalning.<\/li><li>Det kan f\u00f6rekomma att vi beh\u00f6ver byta rum (kottehus) s\u00e5 \u00f6nskar ni ett specifikt kottehus kan ni kontakta oss f\u00f6r att se tillg\u00e4ngligheten.\u00a0<\/li><li>We (S\u00f6derpiren AB) process your personal data for a maximum of three (3) years in accordance with our personal data policy, read more here.<\/li><\/ul><h4>Other information<\/h4><ul><li>No rubbish may be left outside or around the cottage. There are waste bins at the service building.<\/li><li>Smoking I prohibited in the cottage or outside if the door\/window is open.<\/li><li>Remember that you live in the middle of the nature. Be careful with cigarette butt or anything that risk to start a fire. Never grill near reeds or where the nature is dry.<\/li><li>Show consideration for your neighbors.<\/li><li>It is fine to order take away at S\u00f6derpiren &amp; Lillebror and take to the Kottehus. Note! No alcohol may leave Lillebrors's dining area. You are also not allowed to bring your own drinks there.<\/li><li>All cottages have a fire extinguisher, check so you know where and read the fire protection documentation in the welcome sheet.<\/li><li>Husdjur \u00e4r endast v\u00e4lkomna i kottehus nr 1. Obs! vid extra st\u00e4dning av m\u00f6bler pga hundh\u00e5r m.m. tillkommer en st\u00e4davgift p\u00e5 600:-. \u00c4r det bl\u00f6tt ute, be oss om en extra hundhandduk.<\/li><li>In case of destruction beyond normal wear and tear, this must be replaced by the renter.<\/li><li>S\u00f6derpiren is not responsible for personal valuables.<\/li><li>S\u00f6derpirens caf\u00e9 hyrs ut f\u00f6r olika tillst\u00e4llningar \u00a0och vid n\u00e5gra tillf\u00e4llen f\u00f6rra \u00e5ret har man h\u00f6rt musik fr\u00e5n festlokalen till kottehusen, fr\u00e4mst Kottehus 1-2. Dem som hyr S\u00f6derpiren p\u00e5 kv\u00e4llarna, fr\u00e4mst helgerna, har tillst\u00e5nd att spela musik fram till kl.02.00.<\/li><\/ul>\t\t\t\t\t\t\t\t<\/div>\n\t\t\t\t<\/div>\n\t\t\t\t\t<\/div>\n\t\t<\/div>\n\t\t\t\t\t<\/div>\n\t\t<\/section>\n\t\t\t\t<\/div>","protected":false},"excerpt":{"rendered":"<p>Villkor &amp; regler Av- och ombokningsvillkor. Kostnadsfri av- och ombokning erbjuds fram till 7 dagar f\u00f6re ankomst. Vid av- och ombokning senare \u00e4n 7 dagar f\u00f6re ankomst debiteras 100% av vistelsens totala belopp. Minimi\u00e5ldern\u00a0f\u00f6r att boka kottehusen \u00e4r 21 \u00e5r. Boende och vistelse\u00a0i kottehusen sker p\u00e5 egen risk. Incheckning 15.00 &amp;\u00a0utcheckning 10.30 inne p\u00e5 S\u00f6derpirens &#8230; <a title=\"Terms and Conditions\" class=\"read-more\" href=\"https:\/\/kottehusen.se\/en\/villkor-och-regler\/\" aria-label=\"Read more about Villkor och regler\">L\u00e4s mer<\/a><\/p>","protected":false},"author":1,"featured_media":0,"parent":0,"menu_order":0,"comment_status":"closed","ping_status":"closed","template":"","meta":{"footnotes":""},"class_list":["post-614","page","type-page","status-publish"],"_links":{"self":[{"href":"https:\/\/kottehusen.se\/en\/wp-json\/wp\/v2\/pages\/614","targetHints":{"allow":["GET"]}}],"collection":[{"href":"https:\/\/kottehusen.se\/en\/wp-json\/wp\/v2\/pages"}],"about":[{"href":"https:\/\/kottehusen.se\/en\/wp-json\/wp\/v2\/types\/page"}],"author":[{"embeddable":true,"href":"https:\/\/kottehusen.se\/en\/wp-json\/wp\/v2\/users\/1"}],"replies":[{"embeddable":true,"href":"https:\/\/kottehusen.se\/en\/wp-json\/wp\/v2\/comments?post=614"}],"version-history":[{"count":27,"href":"https:\/\/kottehusen.se\/en\/wp-json\/wp\/v2\/pages\/614\/revisions"}],"predecessor-version":[{"id":1413,"href":"https:\/\/kottehusen.se\/en\/wp-json\/wp\/v2\/pages\/614\/revisions\/1413"}],"wp:attachment":[{"href":"https:\/\/kottehusen.se\/en\/wp-json\/wp\/v2\/media?parent=614"}],"curies":[{"name":"wp","href":"https:\/\/api.w.org\/{rel}","templated":true}]}}